{"id":15,"date":"2024-05-17T13:17:26","date_gmt":"2024-05-17T13:17:26","guid":{"rendered":"https:\/\/montanacoadalacului.ro\/?page_id=15"},"modified":"2024-06-10T14:26:49","modified_gmt":"2024-06-10T14:26:49","slug":"camere-de-inchiriat-montana","status":"publish","type":"page","link":"https:\/\/montanacoadalacului.ro\/index.php\/camere-de-inchiriat-montana\/","title":{"rendered":"Camere de inchiriat Montana"},"content":{"rendered":"\t\t<div data-elementor-type=\"wp-page\" data-elementor-id=\"15\" class=\"elementor elementor-15\" data-elementor-post-type=\"page\">\n\t\t\t\t<div class=\"elementor-element elementor-element-15b22409 e-flex e-con-boxed e-con e-parent\" data-id=\"15b22409\" data-element_type=\"container\" data-settings=\"{&quot;background_background&quot;:&quot;classic&quot;,&quot;shape_divider_bottom&quot;:&quot;pyramids&quot;}\">\n\t\t\t\t\t<div class=\"e-con-inner\">\n\t\t\t\t<div class=\"elementor-shape elementor-shape-bottom\" data-negative=\"false\">\n\t\t\t<svg xmlns=\"http:\/\/www.w3.org\/2000\/svg\" viewBox=\"0 0 1000 100\" preserveAspectRatio=\"none\">\n\t<path class=\"elementor-shape-fill\" d=\"M761.9,44.1L643.1,27.2L333.8,98L0,3.8V0l1000,0v3.9\"\/>\n<\/svg>\t\t<\/div>\n\t\t<div class=\"elementor-element elementor-element-6d7ec4ff e-con-full e-flex e-con e-child\" data-id=\"6d7ec4ff\" data-element_type=\"container\">\n\t\t\t\t<\/div>\n\t\t\t\t\t<\/div>\n\t\t\t\t<\/div>\n\t\t<div class=\"elementor-element elementor-element-2d579389 e-flex e-con-boxed e-con e-parent\" data-id=\"2d579389\" data-element_type=\"container\" data-settings=\"{&quot;background_background&quot;:&quot;classic&quot;}\">\n\t\t\t\t\t<div class=\"e-con-inner\">\n\t\t<div class=\"elementor-element elementor-element-6fca3d44 e-con-full e-flex e-con e-child\" data-id=\"6fca3d44\" data-element_type=\"container\">\n\t\t<div class=\"elementor-element elementor-element-674f4ce6 e-con-full e-flex elementor-invisible e-con e-child\" data-id=\"674f4ce6\" data-element_type=\"container\" data-settings=\"{&quot;animation&quot;:&quot;fadeIn&quot;,&quot;animation_delay&quot;:&quot;200&quot;}\">\n\t\t<div class=\"elementor-element elementor-element-707d832c e-con-full e-flex e-con e-child\" data-id=\"707d832c\" data-element_type=\"container\">\n\t\t\t\t<div class=\"elementor-element elementor-element-27f34fca elementor-widget elementor-widget-heading\" data-id=\"27f34fca\" data-element_type=\"widget\" data-widget_type=\"heading.default\">\n\t\t\t\t<div class=\"elementor-widget-container\">\n\t\t\t<h2 class=\"elementor-heading-title elementor-size-default\">Montana Bar&Grill<\/h2>\t\t<\/div>\n\t\t\t\t<\/div>\n\t\t\t\t<\/div>\n\t\t<div class=\"elementor-element elementor-element-4ec3d5b3 e-con-full e-flex e-con e-child\" data-id=\"4ec3d5b3\" data-element_type=\"container\">\n\t\t<div class=\"elementor-element elementor-element-15939ad4 e-con-full e-flex e-con e-child\" data-id=\"15939ad4\" data-element_type=\"container\">\n\t\t\t\t<div class=\"elementor-element elementor-element-b402bbf elementor-widget elementor-widget-text-editor\" data-id=\"b402bbf\" data-element_type=\"widget\" data-widget_type=\"text-editor.default\">\n\t\t\t\t<div class=\"elementor-widget-container\">\n\t\t\t\t\t\t\t<p>Aceast\u0103 proprietate \u00eenc\u00e2nt\u0103toare ofer\u0103 o combina\u021bie perfect\u0103 de confort \u0219i facilit\u0103\u021bi moderne, fiind compus\u0103 din patru camere elegante, fiecare cu propria baie, asigur\u00e2nd intimitate \u0219i relaxare pentru to\u021bi oaspe\u021bii. Cl\u0103direa poate g\u0103zdui confortabil \u00eentre 8 \u0219i 10 persoane, f\u0103c\u00e2nd-o ideal\u0103 pentru grupuri mici sau familii care caut\u0103 un refugiu lini\u0219tit.<br \/>Interiorul este completat de o buc\u0103t\u0103rie utilat\u0103 modern \u0219i un living spa\u021bios, locuri primitoare unde oaspe\u021bii pot g\u0103ti, m\u00e2nca \u0219i socializa \u00eempreun\u0103. Fie c\u0103 este vorba de prepararea micului dejun sau de servirea unei cine festive, buc\u0103t\u0103ria are tot ce v\u0103 trebuie pentru a v\u0103 sim\u021bi ca acas\u0103.<\/p><p>\u00cen exterior, oaspe\u021bii se pot relaxa \u00een foisorul umbrit sau pot folosi locul de gr\u0103tar, perfect pentru a prepara \u0219i a savura mese \u00een aer liber, \u00eenconjura\u021bi de peisajul lini\u0219titor. De asemenea, ciubarul cu jacuzzi ofer\u0103 o oaz\u0103 de relaxare, ideal\u0103 pentru a uita de stresul cotidian, fie c\u0103 prefera\u021bi s\u0103 v\u0103 relaxa\u021bi sub stele sau s\u0103 v\u0103 bucura\u021bi de o dup\u0103-amiaz\u0103 \u00eensorit\u0103.<\/p>\t\t\t\t\t\t<\/div>\n\t\t\t\t<\/div>\n\t\t\t\t<\/div>\n\t\t\t\t<\/div>\n\t\t<div class=\"elementor-element elementor-element-8938bc4 e-con-full e-flex e-con e-child\" data-id=\"8938bc4\" data-element_type=\"container\">\n\t\t\t\t<div class=\"elementor-element elementor-element-398cab8b elementor-tablet-align-center elementor-widget elementor-widget-button\" data-id=\"398cab8b\" data-element_type=\"widget\" data-widget_type=\"button.default\">\n\t\t\t\t<div class=\"elementor-widget-container\">\n\t\t\t\t\t<div class=\"elementor-button-wrapper\">\n\t\t\t<a class=\"elementor-button elementor-button-link elementor-size-sm elementor-animation-shrink\" href=\"https:\/\/montanacoadalacului.ro\/index.php\/contact\/\">\n\t\t\t\t\t\t<span class=\"elementor-button-content-wrapper\">\n\t\t\t\t\t\t\t\t\t<span class=\"elementor-button-text\">CONTACT<\/span>\n\t\t\t\t\t<\/span>\n\t\t\t\t\t<\/a>\n\t\t<\/div>\n\t\t\t\t<\/div>\n\t\t\t\t<\/div>\n\t\t\t\t<\/div>\n\t\t\t\t<\/div>\n\t\t\t\t<\/div>\n\t\t<div class=\"elementor-element elementor-element-778cb4e6 e-con-full e-flex elementor-invisible e-con e-child\" data-id=\"778cb4e6\" data-element_type=\"container\" data-settings=\"{&quot;background_background&quot;:&quot;classic&quot;,&quot;animation&quot;:&quot;fadeIn&quot;,&quot;animation_delay&quot;:&quot;200&quot;}\">\n\t\t\t\t<\/div>\n\t\t\t\t\t<\/div>\n\t\t\t\t<\/div>\n\t\t<div class=\"elementor-element elementor-element-6f383f02 e-con-full e-flex e-con e-parent\" data-id=\"6f383f02\" data-element_type=\"container\">\n\t\t<div class=\"elementor-element elementor-element-4e8aeb40 e-con-full e-flex e-con e-child\" data-id=\"4e8aeb40\" data-element_type=\"container\" data-settings=\"{&quot;background_background&quot;:&quot;classic&quot;}\">\n\t\t<div class=\"elementor-element elementor-element-753770c5 e-con-full e-flex e-con e-child\" data-id=\"753770c5\" data-element_type=\"container\" data-settings=\"{&quot;background_background&quot;:&quot;classic&quot;}\">\n\t\t<div class=\"elementor-element elementor-element-6e0cecce e-con-full e-flex elementor-invisible e-con e-child\" data-id=\"6e0cecce\" data-element_type=\"container\" data-settings=\"{&quot;animation&quot;:&quot;fadeIn&quot;,&quot;animation_delay&quot;:&quot;200&quot;}\">\n\t\t\t\t<div class=\"elementor-element elementor-element-1b34a14c elementor-widget elementor-widget-heading\" data-id=\"1b34a14c\" data-element_type=\"widget\" data-widget_type=\"heading.default\">\n\t\t\t\t<div class=\"elementor-widget-container\">\n\t\t\t<h1 class=\"elementor-heading-title elementor-size-default\">Cl\u0103direa poate g\u0103zdui confortabil \u00eentre 8 \u0219i 10<\/h1>\t\t<\/div>\n\t\t\t\t<\/div>\n\t\t\t\t<\/div>\n\t\t\t\t<\/div>\n\t\t<div class=\"elementor-element elementor-element-5d137072 e-con-full e-flex e-con e-child\" data-id=\"5d137072\" data-element_type=\"container\" data-settings=\"{&quot;background_background&quot;:&quot;classic&quot;}\">\n\t\t\t\t<\/div>\n\t\t\t\t<\/div>\n\t\t<div class=\"elementor-element elementor-element-36a5c5f4 e-con-full e-flex e-con e-child\" data-id=\"36a5c5f4\" data-element_type=\"container\">\n\t\t<div class=\"elementor-element elementor-element-27ff6231 e-con-full e-flex e-con e-child\" data-id=\"27ff6231\" data-element_type=\"container\" data-settings=\"{&quot;background_background&quot;:&quot;classic&quot;}\">\n\t\t\t\t<\/div>\n\t\t\t\t<\/div>\n\t\t\t\t<\/div>\n\t\t<div class=\"elementor-element elementor-element-31c4d079 e-con-full e-flex e-con e-parent\" data-id=\"31c4d079\" data-element_type=\"container\">\n\t\t<div class=\"elementor-element elementor-element-21d6eea2 e-con-full e-flex e-con e-child\" data-id=\"21d6eea2\" data-element_type=\"container\">\n\t\t<div class=\"elementor-element elementor-element-5c6dddb8 e-con-full e-flex e-con e-child\" data-id=\"5c6dddb8\" data-element_type=\"container\" data-settings=\"{&quot;background_background&quot;:&quot;classic&quot;}\">\n\t\t\t\t<\/div>\n\t\t<div class=\"elementor-element elementor-element-389de871 e-con-full e-flex e-con e-child\" data-id=\"389de871\" data-element_type=\"container\" data-settings=\"{&quot;background_background&quot;:&quot;classic&quot;}\">\n\t\t\t\t<\/div>\n\t\t\t\t<\/div>\n\t\t<div class=\"elementor-element elementor-element-11b09922 e-con-full e-flex e-con e-child\" data-id=\"11b09922\" data-element_type=\"container\" data-settings=\"{&quot;background_background&quot;:&quot;classic&quot;}\">\n\t\t<div class=\"elementor-element elementor-element-5da9a512 e-con-full e-flex e-con e-child\" data-id=\"5da9a512\" data-element_type=\"container\" data-settings=\"{&quot;background_background&quot;:&quot;classic&quot;}\">\n\t\t<div class=\"elementor-element elementor-element-79980f04 e-con-full e-flex elementor-invisible e-con e-child\" data-id=\"79980f04\" data-element_type=\"container\" data-settings=\"{&quot;animation&quot;:&quot;fadeIn&quot;,&quot;animation_delay&quot;:&quot;200&quot;}\">\n\t\t\t\t<div class=\"elementor-element elementor-element-46ba857d elementor-widget elementor-widget-heading\" data-id=\"46ba857d\" data-element_type=\"widget\" data-widget_type=\"heading.default\">\n\t\t\t\t<div class=\"elementor-widget-container\">\n\t\t\t<h1 class=\"elementor-heading-title elementor-size-default\">Ideal\u0103 pentru grupuri mici sau familii care caut\u0103 un refugiu lini\u0219tit.<\/h1>\t\t<\/div>\n\t\t\t\t<\/div>\n\t\t\t\t<\/div>\n\t\t\t\t<\/div>\n\t\t\t\t<\/div>\n\t\t\t\t<\/div>\n\t\t<div class=\"elementor-element elementor-element-7aeaadb9 e-flex e-con-boxed e-con e-parent\" data-id=\"7aeaadb9\" data-element_type=\"container\">\n\t\t\t\t\t<div class=\"e-con-inner\">\n\t\t<div class=\"elementor-element elementor-element-6a1b21e0 e-con-full e-flex e-con e-child\" data-id=\"6a1b21e0\" data-element_type=\"container\">\n\t\t<div class=\"elementor-element elementor-element-6a75bd8 e-con-full e-flex e-con e-child\" data-id=\"6a75bd8\" data-element_type=\"container\" data-settings=\"{&quot;background_background&quot;:&quot;classic&quot;}\">\n\t\t<div class=\"elementor-element elementor-element-31bccad7 e-con-full e-flex elementor-invisible e-con e-child\" data-id=\"31bccad7\" data-element_type=\"container\" data-settings=\"{&quot;animation&quot;:&quot;fadeIn&quot;,&quot;animation_delay&quot;:&quot;200&quot;}\">\n\t\t\t\t<div class=\"elementor-element elementor-element-2e5a66e8 elementor-widget elementor-widget-heading\" data-id=\"2e5a66e8\" data-element_type=\"widget\" data-widget_type=\"heading.default\">\n\t\t\t\t<div class=\"elementor-widget-container\">\n\t\t\t<h2 class=\"elementor-heading-title elementor-size-default\">Spa\u021biu de relaxare complet<\/h2>\t\t<\/div>\n\t\t\t\t<\/div>\n\t\t\t\t<div class=\"elementor-element elementor-element-70f771b elementor-widget elementor-widget-text-editor\" data-id=\"70f771b\" data-element_type=\"widget\" data-widget_type=\"text-editor.default\">\n\t\t\t\t<div class=\"elementor-widget-container\">\n\t\t\t\t\t\t\t<p>Un plus distinctiv al acestei propriet\u0103\u021bi este zona de bar \u0219i grill, complet separat\u0103 de spa\u021biul de cazare. Aici, oaspe\u021bii pot savura o cafea sau pot lua masa \u00een orice moment al zilei, \u00eentr-un cadru elegant \u0219i confortabil. Este locul perfect pentru a \u00eencepe ziua cu o cafea proasp\u0103t\u0103 sau pentru a v\u0103 delecta cu gust\u0103ri \u00een timpul zilei, f\u0103r\u0103 a fi nevoie s\u0103 utiliza\u021bi buc\u0103t\u0103ria proprie.<\/p><p>Aceast\u0103 proprietate nu este doar un loc de cazare, ci un spa\u021biu de relaxare complet, care \u00eembin\u0103 armonios utilitatea cu pl\u0103cerea, oferind totodat\u0103 un nivel de independen\u021b\u0103 \u0219i confort care transform\u0103 orice \u0219edere \u00eentr-o experien\u021b\u0103 memorabil\u0103. Este locul ideal pentru cei care caut\u0103 o evadare din agita\u021bia cotidian\u0103, oferind totodat\u0103 posibilitatea de a se bucura de facilit\u0103\u021bi de top \u00eentr-un cadru privat \u0219i exclusivist.<\/p>\t\t\t\t\t\t<\/div>\n\t\t\t\t<\/div>\n\t\t\t\t<div class=\"elementor-element elementor-element-2ac7182d elementor-mobile-align-center elementor-invisible elementor-widget elementor-widget-button\" data-id=\"2ac7182d\" data-element_type=\"widget\" data-settings=\"{&quot;_animation&quot;:&quot;fadeInUp&quot;,&quot;_animation_delay&quot;:&quot;600&quot;}\" data-widget_type=\"button.default\">\n\t\t\t\t<div class=\"elementor-widget-container\">\n\t\t\t\t\t<div class=\"elementor-button-wrapper\">\n\t\t\t<a class=\"elementor-button elementor-button-link elementor-size-sm elementor-animation-shrink\" href=\"https:\/\/montanacoadalacului.ro\/index.php\/contact\/\">\n\t\t\t\t\t\t<span class=\"elementor-button-content-wrapper\">\n\t\t\t\t\t\t\t\t\t<span class=\"elementor-button-text\">Contacteaz\u0103-ne<\/span>\n\t\t\t\t\t<\/span>\n\t\t\t\t\t<\/a>\n\t\t<\/div>\n\t\t\t\t<\/div>\n\t\t\t\t<\/div>\n\t\t\t\t<\/div>\n\t\t\t\t<\/div>\n\t\t<div class=\"elementor-element elementor-element-e61c6ba e-con-full e-flex elementor-invisible e-con e-child\" data-id=\"e61c6ba\" data-element_type=\"container\" data-settings=\"{&quot;background_background&quot;:&quot;classic&quot;,&quot;motion_fx_motion_fx_scrolling&quot;:&quot;yes&quot;,&quot;motion_fx_translateY_effect&quot;:&quot;yes&quot;,&quot;motion_fx_translateY_direction&quot;:&quot;negative&quot;,&quot;motion_fx_translateY_speed&quot;:{&quot;unit&quot;:&quot;px&quot;,&quot;size&quot;:&quot;1&quot;,&quot;sizes&quot;:[]},&quot;motion_fx_devices&quot;:[&quot;desktop&quot;],&quot;animation&quot;:&quot;fadeIn&quot;,&quot;animation_delay&quot;:&quot;400&quot;,&quot;motion_fx_translateY_affectedRange&quot;:{&quot;unit&quot;:&quot;%&quot;,&quot;size&quot;:&quot;&quot;,&quot;sizes&quot;:{&quot;start&quot;:0,&quot;end&quot;:100}}}\">\n\t\t\t\t<div class=\"elementor-element elementor-element-d4ec8b3 elementor-widget elementor-widget-gallery\" data-id=\"d4ec8b3\" data-element_type=\"widget\" data-settings=\"{&quot;columns&quot;:3,&quot;lazyload&quot;:&quot;yes&quot;,&quot;gallery_layout&quot;:&quot;grid&quot;,&quot;columns_tablet&quot;:2,&quot;columns_mobile&quot;:1,&quot;gap&quot;:{&quot;unit&quot;:&quot;px&quot;,&quot;size&quot;:10,&quot;sizes&quot;:[]},&quot;gap_tablet&quot;:{&quot;unit&quot;:&quot;px&quot;,&quot;size&quot;:10,&quot;sizes&quot;:[]},&quot;gap_mobile&quot;:{&quot;unit&quot;:&quot;px&quot;,&quot;size&quot;:10,&quot;sizes&quot;:[]},&quot;link_to&quot;:&quot;file&quot;,&quot;aspect_ratio&quot;:&quot;3:2&quot;,&quot;overlay_background&quot;:&quot;yes&quot;,&quot;content_hover_animation&quot;:&quot;fade-in&quot;}\" data-widget_type=\"gallery.default\">\n\t\t\t\t<div class=\"elementor-widget-container\">\n\t\t\t\t\t<div class=\"elementor-gallery__container\">\n\t\t\t\t\t\t\t<a class=\"e-gallery-item elementor-gallery-item elementor-animated-content\" href=\"https:\/\/montanacoadalacului.ro\/wp-content\/uploads\/2024\/06\/WhatsApp-Image-2024-05-13-at-1.52.43-PM.jpeg\" data-elementor-open-lightbox=\"yes\" data-elementor-lightbox-slideshow=\"d4ec8b3\" data-elementor-lightbox-title=\"WhatsApp Image 2024-05-13 at 1.52.43 PM\" data-e-action-hash=\"#elementor-action%3Aaction%3Dlightbox%26settings%3DeyJpZCI6MjM3LCJ1cmwiOiJodHRwczpcL1wvbW9udGFuYWNvYWRhbGFjdWx1aS5yb1wvd3AtY29udGVudFwvdXBsb2Fkc1wvMjAyNFwvMDZcL1doYXRzQXBwLUltYWdlLTIwMjQtMDUtMTMtYXQtMS41Mi40My1QTS5qcGVnIiwic2xpZGVzaG93IjoiZDRlYzhiMyJ9\">\n\t\t\t\t\t<div class=\"e-gallery-image elementor-gallery-item__image\" data-thumbnail=\"https:\/\/montanacoadalacului.ro\/wp-content\/uploads\/2024\/06\/WhatsApp-Image-2024-05-13-at-1.52.43-PM-225x300.jpeg\" data-width=\"225\" data-height=\"300\" aria-label=\"\" role=\"img\" ><\/div>\n\t\t\t\t\t\t\t\t\t\t\t<div class=\"elementor-gallery-item__overlay\"><\/div>\n\t\t\t\t\t\t\t\t\t\t\t\t\t\t<\/a>\n\t\t\t\t\t\t\t<a class=\"e-gallery-item elementor-gallery-item elementor-animated-content\" href=\"https:\/\/montanacoadalacului.ro\/wp-content\/uploads\/2024\/06\/WhatsApp-Image-2024-05-13-at-1.52.51-PM.jpeg\" data-elementor-open-lightbox=\"yes\" data-elementor-lightbox-slideshow=\"d4ec8b3\" data-elementor-lightbox-title=\"WhatsApp Image 2024-05-13 at 1.52.51 PM\" data-e-action-hash=\"#elementor-action%3Aaction%3Dlightbox%26settings%3DeyJpZCI6MjM4LCJ1cmwiOiJodHRwczpcL1wvbW9udGFuYWNvYWRhbGFjdWx1aS5yb1wvd3AtY29udGVudFwvdXBsb2Fkc1wvMjAyNFwvMDZcL1doYXRzQXBwLUltYWdlLTIwMjQtMDUtMTMtYXQtMS41Mi41MS1QTS5qcGVnIiwic2xpZGVzaG93IjoiZDRlYzhiMyJ9\">\n\t\t\t\t\t<div class=\"e-gallery-image elementor-gallery-item__image\" data-thumbnail=\"https:\/\/montanacoadalacului.ro\/wp-content\/uploads\/2024\/06\/WhatsApp-Image-2024-05-13-at-1.52.51-PM-225x300.jpeg\" data-width=\"225\" data-height=\"300\" aria-label=\"\" role=\"img\" ><\/div>\n\t\t\t\t\t\t\t\t\t\t\t<div class=\"elementor-gallery-item__overlay\"><\/div>\n\t\t\t\t\t\t\t\t\t\t\t\t\t\t<\/a>\n\t\t\t\t\t\t\t<a class=\"e-gallery-item elementor-gallery-item elementor-animated-content\" href=\"https:\/\/montanacoadalacului.ro\/wp-content\/uploads\/2024\/06\/WhatsApp-Image-2024-05-13-at-1.52.52-PM.jpeg\" data-elementor-open-lightbox=\"yes\" data-elementor-lightbox-slideshow=\"d4ec8b3\" data-elementor-lightbox-title=\"WhatsApp Image 2024-05-13 at 1.52.52 PM\" data-e-action-hash=\"#elementor-action%3Aaction%3Dlightbox%26settings%3DeyJpZCI6MjM5LCJ1cmwiOiJodHRwczpcL1wvbW9udGFuYWNvYWRhbGFjdWx1aS5yb1wvd3AtY29udGVudFwvdXBsb2Fkc1wvMjAyNFwvMDZcL1doYXRzQXBwLUltYWdlLTIwMjQtMDUtMTMtYXQtMS41Mi41Mi1QTS5qcGVnIiwic2xpZGVzaG93IjoiZDRlYzhiMyJ9\">\n\t\t\t\t\t<div class=\"e-gallery-image elementor-gallery-item__image\" data-thumbnail=\"https:\/\/montanacoadalacului.ro\/wp-content\/uploads\/2024\/06\/WhatsApp-Image-2024-05-13-at-1.52.52-PM-225x300.jpeg\" data-width=\"225\" data-height=\"300\" aria-label=\"\" role=\"img\" ><\/div>\n\t\t\t\t\t\t\t\t\t\t\t<div class=\"elementor-gallery-item__overlay\"><\/div>\n\t\t\t\t\t\t\t\t\t\t\t\t\t\t<\/a>\n\t\t\t\t\t\t\t<a class=\"e-gallery-item elementor-gallery-item elementor-animated-content\" href=\"https:\/\/montanacoadalacului.ro\/wp-content\/uploads\/2024\/06\/WhatsApp-Image-2024-05-13-at-1.52.53-PM-1.jpeg\" data-elementor-open-lightbox=\"yes\" data-elementor-lightbox-slideshow=\"d4ec8b3\" data-elementor-lightbox-title=\"WhatsApp Image 2024-05-13 at 1.52.53 PM (1)\" data-e-action-hash=\"#elementor-action%3Aaction%3Dlightbox%26settings%3DeyJpZCI6MjQwLCJ1cmwiOiJodHRwczpcL1wvbW9udGFuYWNvYWRhbGFjdWx1aS5yb1wvd3AtY29udGVudFwvdXBsb2Fkc1wvMjAyNFwvMDZcL1doYXRzQXBwLUltYWdlLTIwMjQtMDUtMTMtYXQtMS41Mi41My1QTS0xLmpwZWciLCJzbGlkZXNob3ciOiJkNGVjOGIzIn0%3D\">\n\t\t\t\t\t<div class=\"e-gallery-image elementor-gallery-item__image\" data-thumbnail=\"https:\/\/montanacoadalacului.ro\/wp-content\/uploads\/2024\/06\/WhatsApp-Image-2024-05-13-at-1.52.53-PM-1-225x300.jpeg\" data-width=\"225\" data-height=\"300\" aria-label=\"\" role=\"img\" ><\/div>\n\t\t\t\t\t\t\t\t\t\t\t<div class=\"elementor-gallery-item__overlay\"><\/div>\n\t\t\t\t\t\t\t\t\t\t\t\t\t\t<\/a>\n\t\t\t\t\t\t\t<a class=\"e-gallery-item elementor-gallery-item elementor-animated-content\" href=\"https:\/\/montanacoadalacului.ro\/wp-content\/uploads\/2024\/06\/WhatsApp-Image-2024-05-13-at-1.52.53-PM.jpeg\" data-elementor-open-lightbox=\"yes\" data-elementor-lightbox-slideshow=\"d4ec8b3\" data-elementor-lightbox-title=\"WhatsApp Image 2024-05-13 at 1.52.53 PM\" data-e-action-hash=\"#elementor-action%3Aaction%3Dlightbox%26settings%3DeyJpZCI6MjQxLCJ1cmwiOiJodHRwczpcL1wvbW9udGFuYWNvYWRhbGFjdWx1aS5yb1wvd3AtY29udGVudFwvdXBsb2Fkc1wvMjAyNFwvMDZcL1doYXRzQXBwLUltYWdlLTIwMjQtMDUtMTMtYXQtMS41Mi41My1QTS5qcGVnIiwic2xpZGVzaG93IjoiZDRlYzhiMyJ9\">\n\t\t\t\t\t<div class=\"e-gallery-image elementor-gallery-item__image\" data-thumbnail=\"https:\/\/montanacoadalacului.ro\/wp-content\/uploads\/2024\/06\/WhatsApp-Image-2024-05-13-at-1.52.53-PM-300x225.jpeg\" data-width=\"300\" data-height=\"225\" aria-label=\"\" role=\"img\" ><\/div>\n\t\t\t\t\t\t\t\t\t\t\t<div class=\"elementor-gallery-item__overlay\"><\/div>\n\t\t\t\t\t\t\t\t\t\t\t\t\t\t<\/a>\n\t\t\t\t\t\t\t<a class=\"e-gallery-item elementor-gallery-item elementor-animated-content\" href=\"https:\/\/montanacoadalacului.ro\/wp-content\/uploads\/2024\/06\/WhatsApp-Image-2024-05-13-at-1.52.54-PM-1.jpeg\" data-elementor-open-lightbox=\"yes\" data-elementor-lightbox-slideshow=\"d4ec8b3\" data-elementor-lightbox-title=\"WhatsApp Image 2024-05-13 at 1.52.54 PM (1)\" data-e-action-hash=\"#elementor-action%3Aaction%3Dlightbox%26settings%3DeyJpZCI6MjQyLCJ1cmwiOiJodHRwczpcL1wvbW9udGFuYWNvYWRhbGFjdWx1aS5yb1wvd3AtY29udGVudFwvdXBsb2Fkc1wvMjAyNFwvMDZcL1doYXRzQXBwLUltYWdlLTIwMjQtMDUtMTMtYXQtMS41Mi41NC1QTS0xLmpwZWciLCJzbGlkZXNob3ciOiJkNGVjOGIzIn0%3D\">\n\t\t\t\t\t<div class=\"e-gallery-image elementor-gallery-item__image\" data-thumbnail=\"https:\/\/montanacoadalacului.ro\/wp-content\/uploads\/2024\/06\/WhatsApp-Image-2024-05-13-at-1.52.54-PM-1-225x300.jpeg\" data-width=\"225\" data-height=\"300\" aria-label=\"\" role=\"img\" ><\/div>\n\t\t\t\t\t\t\t\t\t\t\t<div class=\"elementor-gallery-item__overlay\"><\/div>\n\t\t\t\t\t\t\t\t\t\t\t\t\t\t<\/a>\n\t\t\t\t\t\t\t<a class=\"e-gallery-item elementor-gallery-item elementor-animated-content\" href=\"https:\/\/montanacoadalacului.ro\/wp-content\/uploads\/2024\/06\/WhatsApp-Image-2024-05-13-at-1.52.54-PM-2.jpeg\" data-elementor-open-lightbox=\"yes\" data-elementor-lightbox-slideshow=\"d4ec8b3\" data-elementor-lightbox-title=\"WhatsApp Image 2024-05-13 at 1.52.54 PM (2)\" data-e-action-hash=\"#elementor-action%3Aaction%3Dlightbox%26settings%3DeyJpZCI6MjQzLCJ1cmwiOiJodHRwczpcL1wvbW9udGFuYWNvYWRhbGFjdWx1aS5yb1wvd3AtY29udGVudFwvdXBsb2Fkc1wvMjAyNFwvMDZcL1doYXRzQXBwLUltYWdlLTIwMjQtMDUtMTMtYXQtMS41Mi41NC1QTS0yLmpwZWciLCJzbGlkZXNob3ciOiJkNGVjOGIzIn0%3D\">\n\t\t\t\t\t<div class=\"e-gallery-image elementor-gallery-item__image\" data-thumbnail=\"https:\/\/montanacoadalacului.ro\/wp-content\/uploads\/2024\/06\/WhatsApp-Image-2024-05-13-at-1.52.54-PM-2-300x225.jpeg\" data-width=\"300\" data-height=\"225\" aria-label=\"\" role=\"img\" ><\/div>\n\t\t\t\t\t\t\t\t\t\t\t<div class=\"elementor-gallery-item__overlay\"><\/div>\n\t\t\t\t\t\t\t\t\t\t\t\t\t\t<\/a>\n\t\t\t\t\t\t\t<a class=\"e-gallery-item elementor-gallery-item elementor-animated-content\" href=\"https:\/\/montanacoadalacului.ro\/wp-content\/uploads\/2024\/06\/WhatsApp-Image-2024-05-13-at-1.52.54-PM.jpeg\" data-elementor-open-lightbox=\"yes\" data-elementor-lightbox-slideshow=\"d4ec8b3\" data-elementor-lightbox-title=\"WhatsApp Image 2024-05-13 at 1.52.54 PM\" data-e-action-hash=\"#elementor-action%3Aaction%3Dlightbox%26settings%3DeyJpZCI6MjQ0LCJ1cmwiOiJodHRwczpcL1wvbW9udGFuYWNvYWRhbGFjdWx1aS5yb1wvd3AtY29udGVudFwvdXBsb2Fkc1wvMjAyNFwvMDZcL1doYXRzQXBwLUltYWdlLTIwMjQtMDUtMTMtYXQtMS41Mi41NC1QTS5qcGVnIiwic2xpZGVzaG93IjoiZDRlYzhiMyJ9\">\n\t\t\t\t\t<div class=\"e-gallery-image elementor-gallery-item__image\" data-thumbnail=\"https:\/\/montanacoadalacului.ro\/wp-content\/uploads\/2024\/06\/WhatsApp-Image-2024-05-13-at-1.52.54-PM-225x300.jpeg\" data-width=\"225\" data-height=\"300\" aria-label=\"\" role=\"img\" ><\/div>\n\t\t\t\t\t\t\t\t\t\t\t<div class=\"elementor-gallery-item__overlay\"><\/div>\n\t\t\t\t\t\t\t\t\t\t\t\t\t\t<\/a>\n\t\t\t\t\t\t\t<a class=\"e-gallery-item elementor-gallery-item elementor-animated-content\" href=\"https:\/\/montanacoadalacului.ro\/wp-content\/uploads\/2024\/06\/WhatsApp-Image-2024-05-13-at-1.52.55-PM.jpeg\" data-elementor-open-lightbox=\"yes\" data-elementor-lightbox-slideshow=\"d4ec8b3\" data-elementor-lightbox-title=\"WhatsApp Image 2024-05-13 at 1.52.55 PM\" data-e-action-hash=\"#elementor-action%3Aaction%3Dlightbox%26settings%3DeyJpZCI6MjQ1LCJ1cmwiOiJodHRwczpcL1wvbW9udGFuYWNvYWRhbGFjdWx1aS5yb1wvd3AtY29udGVudFwvdXBsb2Fkc1wvMjAyNFwvMDZcL1doYXRzQXBwLUltYWdlLTIwMjQtMDUtMTMtYXQtMS41Mi41NS1QTS5qcGVnIiwic2xpZGVzaG93IjoiZDRlYzhiMyJ9\">\n\t\t\t\t\t<div class=\"e-gallery-image elementor-gallery-item__image\" data-thumbnail=\"https:\/\/montanacoadalacului.ro\/wp-content\/uploads\/2024\/06\/WhatsApp-Image-2024-05-13-at-1.52.55-PM-225x300.jpeg\" data-width=\"225\" data-height=\"300\" aria-label=\"\" role=\"img\" ><\/div>\n\t\t\t\t\t\t\t\t\t\t\t<div class=\"elementor-gallery-item__overlay\"><\/div>\n\t\t\t\t\t\t\t\t\t\t\t\t\t\t<\/a>\n\t\t\t\t\t<\/div>\n\t\t\t<\/div>\n\t\t\t\t<\/div>\n\t\t\t\t<\/div>\n\t\t\t\t<\/div>\n\t\t\t\t\t<\/div>\n\t\t\t\t<\/div>\n\t\t\t\t<\/div>\n\t\t","protected":false},"excerpt":{"rendered":"<p>Montana Bar&#038;Grill Aceast\u0103 proprietate \u00eenc\u00e2nt\u0103toare ofer\u0103 o combina\u021bie perfect\u0103 de confort \u0219i facilit\u0103\u021bi moderne, fiind compus\u0103 din patru camere elegante, fiecare cu propria baie, asigur\u00e2nd intimitate \u0219i relaxare pentru to\u021bi oaspe\u021bii. Cl\u0103direa poate g\u0103zdui confortabil \u00eentre 8 \u0219i 10 persoane, f\u0103c\u00e2nd-o ideal\u0103 pentru grupuri mici sau familii care caut\u0103 un refugiu lini\u0219tit.Interiorul este completat de [&hellip;]<\/p>\n","protected":false},"author":1,"featured_media":0,"parent":0,"menu_order":0,"comment_status":"closed","ping_status":"closed","template":"","meta":{"_seopress_robots_primary_cat":"","_seopress_titles_title":"","_seopress_titles_desc":"","_seopress_robots_index":"","footnotes":""},"class_list":["post-15","page","type-page","status-publish","hentry"],"_links":{"self":[{"href":"https:\/\/montanacoadalacului.ro\/index.php\/wp-json\/wp\/v2\/pages\/15","targetHints":{"allow":["GET"]}}],"collection":[{"href":"https:\/\/montanacoadalacului.ro\/index.php\/wp-json\/wp\/v2\/pages"}],"about":[{"href":"https:\/\/montanacoadalacului.ro\/index.php\/wp-json\/wp\/v2\/types\/page"}],"author":[{"embeddable":true,"href":"https:\/\/montanacoadalacului.ro\/index.php\/wp-json\/wp\/v2\/users\/1"}],"replies":[{"embeddable":true,"href":"https:\/\/montanacoadalacului.ro\/index.php\/wp-json\/wp\/v2\/comments?post=15"}],"version-history":[{"count":3,"href":"https:\/\/montanacoadalacului.ro\/index.php\/wp-json\/wp\/v2\/pages\/15\/revisions"}],"predecessor-version":[{"id":248,"href":"https:\/\/montanacoadalacului.ro\/index.php\/wp-json\/wp\/v2\/pages\/15\/revisions\/248"}],"wp:attachment":[{"href":"https:\/\/montanacoadalacului.ro\/index.php\/wp-json\/wp\/v2\/media?parent=15"}],"curies":[{"name":"wp","href":"https:\/\/api.w.org\/{rel}","templated":true}]}}