{"id":17,"date":"2024-05-17T13:17:41","date_gmt":"2024-05-17T13:17:41","guid":{"rendered":"https:\/\/montanacoadalacului.ro\/?page_id=17"},"modified":"2024-06-10T14:34:49","modified_gmt":"2024-06-10T14:34:49","slug":"casa-montana","status":"publish","type":"page","link":"https:\/\/montanacoadalacului.ro\/index.php\/casa-montana\/","title":{"rendered":"Casa Montana"},"content":{"rendered":"\t\t<div data-elementor-type=\"wp-page\" data-elementor-id=\"17\" class=\"elementor elementor-17\" data-elementor-post-type=\"page\">\n\t\t\t\t<div class=\"elementor-element elementor-element-7db750b7 e-flex e-con-boxed e-con e-parent\" data-id=\"7db750b7\" data-element_type=\"container\" data-settings=\"{&quot;background_background&quot;:&quot;classic&quot;,&quot;shape_divider_bottom&quot;:&quot;pyramids&quot;}\">\n\t\t\t\t\t<div class=\"e-con-inner\">\n\t\t\t\t<div class=\"elementor-shape elementor-shape-bottom\" data-negative=\"false\">\n\t\t\t<svg xmlns=\"http:\/\/www.w3.org\/2000\/svg\" viewBox=\"0 0 1000 100\" preserveAspectRatio=\"none\">\n\t<path class=\"elementor-shape-fill\" d=\"M761.9,44.1L643.1,27.2L333.8,98L0,3.8V0l1000,0v3.9\"\/>\n<\/svg>\t\t<\/div>\n\t\t<div class=\"elementor-element elementor-element-750d58e7 e-con-full e-flex e-con e-child\" data-id=\"750d58e7\" data-element_type=\"container\">\n\t\t\t\t<\/div>\n\t\t\t\t\t<\/div>\n\t\t\t\t<\/div>\n\t\t<div class=\"elementor-element elementor-element-fa80f2 e-flex e-con-boxed e-con e-parent\" data-id=\"fa80f2\" data-element_type=\"container\" data-settings=\"{&quot;background_background&quot;:&quot;classic&quot;}\">\n\t\t\t\t\t<div class=\"e-con-inner\">\n\t\t<div class=\"elementor-element elementor-element-4fc5a016 e-con-full e-flex e-con e-child\" data-id=\"4fc5a016\" data-element_type=\"container\">\n\t\t<div class=\"elementor-element elementor-element-2991b782 e-con-full e-flex elementor-invisible e-con e-child\" data-id=\"2991b782\" data-element_type=\"container\" data-settings=\"{&quot;animation&quot;:&quot;fadeIn&quot;,&quot;animation_delay&quot;:&quot;200&quot;}\">\n\t\t<div class=\"elementor-element elementor-element-35164779 e-con-full e-flex e-con e-child\" data-id=\"35164779\" data-element_type=\"container\">\n\t\t\t\t<div class=\"elementor-element elementor-element-5379d95 elementor-widget elementor-widget-heading\" data-id=\"5379d95\" data-element_type=\"widget\" data-widget_type=\"heading.default\">\n\t\t\t\t<div class=\"elementor-widget-container\">\n\t\t\t<h2 class=\"elementor-heading-title elementor-size-default\">Despre aceast\u0103 proprietate<\/h2>\t\t<\/div>\n\t\t\t\t<\/div>\n\t\t\t\t<\/div>\n\t\t<div class=\"elementor-element elementor-element-72de0651 e-con-full e-flex e-con e-child\" data-id=\"72de0651\" data-element_type=\"container\">\n\t\t<div class=\"elementor-element elementor-element-3afca4d4 e-con-full e-flex e-con e-child\" data-id=\"3afca4d4\" data-element_type=\"container\">\n\t\t\t\t<div class=\"elementor-element elementor-element-e1e4b3e elementor-widget elementor-widget-text-editor\" data-id=\"e1e4b3e\" data-element_type=\"widget\" data-widget_type=\"text-editor.default\">\n\t\t\t\t<div class=\"elementor-widget-container\">\n\t\t\t\t\t\t\t<p>Aceast\u0103 proprietate impresionant\u0103 este ideal\u0103 pentru grupuri mari, oferind un refugiu perfect pentru p\u00e2n\u0103 la 14 persoane, fiecare camer\u0103 fiind dotat\u0103 cu baie proprie pentru confort \u0219i intimitate maxim\u0103. Buc\u0103t\u0103ria spa\u021bioas\u0103 \u0219i complet echipat\u0103 este locul perfect pentru a preg\u0103ti mese delicioase sau pentru a v\u0103 bucura de o cafea de diminea\u021b\u0103 \u00een timp ce planifica\u021bi activit\u0103\u021bile zilei.<br \/>Livingul este generos \u0219i primitor, decorat \u00eentr-un stil modern, cu suficient spa\u021biu pentru to\u021bi oaspe\u021bii s\u0103 se relaxeze \u0219i s\u0103 socializeze. Fie c\u0103 prefera\u021bi s\u0103 v\u0103 relaxa\u021bi citind o carte, s\u0103 v\u0103 bucura\u021bi de un film sau pur \u0219i simplu s\u0103 petrece\u021bi timp de calitate cu cei dragi, acesta este locul perfect pentru a v\u0103 destinde.<\/p><p>\u00cen exterior, foi\u0219orul ofer\u0103 un cadru idilic pentru a v\u0103 bucura de aerul proasp\u0103t, fie c\u0103 este vorba de o cin\u0103 la apus sau de un joc de c\u0103r\u021bi \u00eentr-o dup\u0103-amiaz\u0103 lene\u0219\u0103. Zona de gr\u0103tar este ideal\u0103 pentru iubitorii de gastronomie, oferindu-v\u0103 tot ce ave\u021bi nevoie pentru a g\u0103ti mese memorabile sub cerul liber.<\/p>\t\t\t\t\t\t<\/div>\n\t\t\t\t<\/div>\n\t\t\t\t<\/div>\n\t\t\t\t<\/div>\n\t\t<div class=\"elementor-element elementor-element-3808d0af e-con-full e-flex e-con e-child\" data-id=\"3808d0af\" data-element_type=\"container\">\n\t\t\t\t<div class=\"elementor-element elementor-element-1a62c746 elementor-tablet-align-center elementor-widget elementor-widget-button\" data-id=\"1a62c746\" data-element_type=\"widget\" data-widget_type=\"button.default\">\n\t\t\t\t<div class=\"elementor-widget-container\">\n\t\t\t\t\t<div class=\"elementor-button-wrapper\">\n\t\t\t<a class=\"elementor-button elementor-button-link elementor-size-sm elementor-animation-shrink\" href=\"https:\/\/montanacoadalacului.ro\/index.php\/contact\/\">\n\t\t\t\t\t\t<span class=\"elementor-button-content-wrapper\">\n\t\t\t\t\t\t\t\t\t<span class=\"elementor-button-text\">Contact<\/span>\n\t\t\t\t\t<\/span>\n\t\t\t\t\t<\/a>\n\t\t<\/div>\n\t\t\t\t<\/div>\n\t\t\t\t<\/div>\n\t\t\t\t<\/div>\n\t\t\t\t<\/div>\n\t\t\t\t<\/div>\n\t\t<div class=\"elementor-element elementor-element-67244846 e-con-full e-flex elementor-invisible e-con e-child\" data-id=\"67244846\" data-element_type=\"container\" data-settings=\"{&quot;background_background&quot;:&quot;classic&quot;,&quot;animation&quot;:&quot;fadeIn&quot;,&quot;animation_delay&quot;:&quot;200&quot;}\">\n\t\t\t\t<\/div>\n\t\t\t\t\t<\/div>\n\t\t\t\t<\/div>\n\t\t<div class=\"elementor-element elementor-element-76009029 e-con-full e-flex e-con e-parent\" data-id=\"76009029\" data-element_type=\"container\">\n\t\t<div class=\"elementor-element elementor-element-42fa5679 e-con-full e-flex e-con e-child\" data-id=\"42fa5679\" data-element_type=\"container\">\n\t\t<div class=\"elementor-element elementor-element-3d624be2 e-con-full e-flex elementor-invisible e-con e-child\" data-id=\"3d624be2\" data-element_type=\"container\" data-settings=\"{&quot;background_background&quot;:&quot;classic&quot;,&quot;animation&quot;:&quot;fadeIn&quot;,&quot;animation_delay&quot;:&quot;200&quot;}\">\n\t\t\t\t<div class=\"elementor-element elementor-element-49158da5 elementor-widget elementor-widget-heading\" data-id=\"49158da5\" data-element_type=\"widget\" data-widget_type=\"heading.default\">\n\t\t\t\t<div class=\"elementor-widget-container\">\n\t\t\t<h2 class=\"elementor-heading-title elementor-size-default\">Locul potrivit pentru a sc\u0103pa de stres<\/h2>\t\t<\/div>\n\t\t\t\t<\/div>\n\t\t\t\t<div class=\"elementor-element elementor-element-c38ff78 elementor-widget elementor-widget-text-editor\" data-id=\"c38ff78\" data-element_type=\"widget\" data-widget_type=\"text-editor.default\">\n\t\t\t\t<div class=\"elementor-widget-container\">\n\t\t\t\t\t\t\t<p>Pentru o doz\u0103 de relaxare, ciubarul cu jacuzzi este locul perfect pentru a sc\u0103pa de stres \u0219i a v\u0103 re\u00eenc\u0103rca bateriile. Indiferent dac\u0103 prefera\u021bi o baie calm\u0103 \u00een timpul serii sau vre\u021bi s\u0103 v\u0103 bucura\u021bi de b\u0103i cu hidromasaj sub stele, aceast\u0103 facilitate adaug\u0103 un plus de lux \u0219ederii dumneavoastr\u0103.<\/p><p>\u00a0<\/p>\t\t\t\t\t\t<\/div>\n\t\t\t\t<\/div>\n\t\t\t\t<\/div>\n\t\t<div class=\"elementor-element elementor-element-74024d74 e-con-full e-flex e-con e-child\" data-id=\"74024d74\" data-element_type=\"container\">\n\t\t<div class=\"elementor-element elementor-element-316a214e e-con-full e-flex e-con e-child\" data-id=\"316a214e\" data-element_type=\"container\" data-settings=\"{&quot;background_background&quot;:&quot;classic&quot;}\">\n\t\t\t\t<\/div>\n\t\t<div class=\"elementor-element elementor-element-6f6cd2b1 e-con-full e-flex e-con e-child\" data-id=\"6f6cd2b1\" data-element_type=\"container\" data-settings=\"{&quot;background_background&quot;:&quot;classic&quot;}\">\n\t\t<div class=\"elementor-element elementor-element-61a1cf16 e-con-full e-flex e-con e-child\" data-id=\"61a1cf16\" data-element_type=\"container\">\n\t\t<div class=\"elementor-element elementor-element-7e4ac613 e-con-full e-flex elementor-invisible e-con e-child\" data-id=\"7e4ac613\" data-element_type=\"container\" data-settings=\"{&quot;animation&quot;:&quot;fadeIn&quot;,&quot;animation_delay&quot;:&quot;200&quot;}\">\n\t\t\t\t<div class=\"elementor-element elementor-element-5b6f8f4 elementor-widget elementor-widget-text-editor\" data-id=\"5b6f8f4\" data-element_type=\"widget\" data-widget_type=\"text-editor.default\">\n\t\t\t\t<div class=\"elementor-widget-container\">\n\t\t\t\t\t\t\t<p>Cu un amestec perfect de confort, stil \u0219i func\u021bionalitate, aceast\u0103 cl\u0103dire este ideal\u0103 pentru familii, grupuri de prieteni sau evenimente mici, oferind o oaz\u0103 de lini\u0219te \u0219i distrac\u021bie pentru oricine caut\u0103 o escapad\u0103 de neuitat. V\u0103 a\u0219tept\u0103m s\u0103 descoperi\u021bi aceast\u0103 perla ascuns\u0103 \u0219i s\u0103 v\u0103 crea\u021bi amintiri care vor dura o via\u021b\u0103!<\/p>\t\t\t\t\t\t<\/div>\n\t\t\t\t<\/div>\n\t\t\t\t<\/div>\n\t\t\t\t<\/div>\n\t\t\t\t<\/div>\n\t\t\t\t<\/div>\n\t\t\t\t<\/div>\n\t\t<div class=\"elementor-element elementor-element-1a3c9d0f e-con-full e-flex e-con e-child\" data-id=\"1a3c9d0f\" data-element_type=\"container\" data-settings=\"{&quot;background_background&quot;:&quot;classic&quot;}\">\n\t\t\t\t<div class=\"elementor-element elementor-element-68a6452 elementor-widget elementor-widget-gallery\" data-id=\"68a6452\" data-element_type=\"widget\" data-settings=\"{&quot;columns&quot;:3,&quot;lazyload&quot;:&quot;yes&quot;,&quot;gallery_layout&quot;:&quot;grid&quot;,&quot;columns_tablet&quot;:2,&quot;columns_mobile&quot;:1,&quot;gap&quot;:{&quot;unit&quot;:&quot;px&quot;,&quot;size&quot;:10,&quot;sizes&quot;:[]},&quot;gap_tablet&quot;:{&quot;unit&quot;:&quot;px&quot;,&quot;size&quot;:10,&quot;sizes&quot;:[]},&quot;gap_mobile&quot;:{&quot;unit&quot;:&quot;px&quot;,&quot;size&quot;:10,&quot;sizes&quot;:[]},&quot;link_to&quot;:&quot;file&quot;,&quot;aspect_ratio&quot;:&quot;3:2&quot;,&quot;overlay_background&quot;:&quot;yes&quot;,&quot;content_hover_animation&quot;:&quot;fade-in&quot;}\" data-widget_type=\"gallery.default\">\n\t\t\t\t<div class=\"elementor-widget-container\">\n\t\t\t\t\t<div class=\"elementor-gallery__container\">\n\t\t\t\t\t\t\t<a class=\"e-gallery-item elementor-gallery-item elementor-animated-content\" href=\"https:\/\/montanacoadalacului.ro\/wp-content\/uploads\/2024\/06\/WhatsApp-Image-2024-05-13-at-1.49.01-PM.jpeg\" data-elementor-open-lightbox=\"yes\" data-elementor-lightbox-slideshow=\"68a6452\" data-elementor-lightbox-title=\"WhatsApp Image 2024-05-13 at 1.49.01 PM\" data-e-action-hash=\"#elementor-action%3Aaction%3Dlightbox%26settings%3DeyJpZCI6MjY4LCJ1cmwiOiJodHRwczpcL1wvbW9udGFuYWNvYWRhbGFjdWx1aS5yb1wvd3AtY29udGVudFwvdXBsb2Fkc1wvMjAyNFwvMDZcL1doYXRzQXBwLUltYWdlLTIwMjQtMDUtMTMtYXQtMS40OS4wMS1QTS5qcGVnIiwic2xpZGVzaG93IjoiNjhhNjQ1MiJ9\">\n\t\t\t\t\t<div class=\"e-gallery-image elementor-gallery-item__image\" data-thumbnail=\"https:\/\/montanacoadalacului.ro\/wp-content\/uploads\/2024\/06\/WhatsApp-Image-2024-05-13-at-1.49.01-PM-768x576.jpeg\" data-width=\"768\" data-height=\"576\" aria-label=\"\" role=\"img\" ><\/div>\n\t\t\t\t\t\t\t\t\t\t\t<div class=\"elementor-gallery-item__overlay\"><\/div>\n\t\t\t\t\t\t\t\t\t\t\t\t\t\t<\/a>\n\t\t\t\t\t\t\t<a class=\"e-gallery-item elementor-gallery-item elementor-animated-content\" href=\"https:\/\/montanacoadalacului.ro\/wp-content\/uploads\/2024\/06\/WhatsApp-Image-2024-05-13-at-1.49.19-PM.jpeg\" data-elementor-open-lightbox=\"yes\" data-elementor-lightbox-slideshow=\"68a6452\" data-elementor-lightbox-title=\"WhatsApp Image 2024-05-13 at 1.49.19 PM\" data-e-action-hash=\"#elementor-action%3Aaction%3Dlightbox%26settings%3DeyJpZCI6MjY5LCJ1cmwiOiJodHRwczpcL1wvbW9udGFuYWNvYWRhbGFjdWx1aS5yb1wvd3AtY29udGVudFwvdXBsb2Fkc1wvMjAyNFwvMDZcL1doYXRzQXBwLUltYWdlLTIwMjQtMDUtMTMtYXQtMS40OS4xOS1QTS5qcGVnIiwic2xpZGVzaG93IjoiNjhhNjQ1MiJ9\">\n\t\t\t\t\t<div class=\"e-gallery-image elementor-gallery-item__image\" data-thumbnail=\"https:\/\/montanacoadalacului.ro\/wp-content\/uploads\/2024\/06\/WhatsApp-Image-2024-05-13-at-1.49.19-PM.jpeg\" data-width=\"684\" data-height=\"912\" aria-label=\"\" role=\"img\" ><\/div>\n\t\t\t\t\t\t\t\t\t\t\t<div class=\"elementor-gallery-item__overlay\"><\/div>\n\t\t\t\t\t\t\t\t\t\t\t\t\t\t<\/a>\n\t\t\t\t\t\t\t<a class=\"e-gallery-item elementor-gallery-item elementor-animated-content\" href=\"https:\/\/montanacoadalacului.ro\/wp-content\/uploads\/2024\/06\/WhatsApp-Image-2024-05-13-at-1.49.20-PM.jpeg\" data-elementor-open-lightbox=\"yes\" data-elementor-lightbox-slideshow=\"68a6452\" data-elementor-lightbox-title=\"WhatsApp Image 2024-05-13 at 1.49.20 PM\" data-e-action-hash=\"#elementor-action%3Aaction%3Dlightbox%26settings%3DeyJpZCI6MjcwLCJ1cmwiOiJodHRwczpcL1wvbW9udGFuYWNvYWRhbGFjdWx1aS5yb1wvd3AtY29udGVudFwvdXBsb2Fkc1wvMjAyNFwvMDZcL1doYXRzQXBwLUltYWdlLTIwMjQtMDUtMTMtYXQtMS40OS4yMC1QTS5qcGVnIiwic2xpZGVzaG93IjoiNjhhNjQ1MiJ9\">\n\t\t\t\t\t<div class=\"e-gallery-image elementor-gallery-item__image\" data-thumbnail=\"https:\/\/montanacoadalacului.ro\/wp-content\/uploads\/2024\/06\/WhatsApp-Image-2024-05-13-at-1.49.20-PM-768x1024.jpeg\" data-width=\"768\" data-height=\"1024\" aria-label=\"\" role=\"img\" ><\/div>\n\t\t\t\t\t\t\t\t\t\t\t<div class=\"elementor-gallery-item__overlay\"><\/div>\n\t\t\t\t\t\t\t\t\t\t\t\t\t\t<\/a>\n\t\t\t\t\t\t\t<a class=\"e-gallery-item elementor-gallery-item elementor-animated-content\" href=\"https:\/\/montanacoadalacului.ro\/wp-content\/uploads\/2024\/06\/WhatsApp-Image-2024-05-13-at-1.49.21-PM-1.jpeg\" data-elementor-open-lightbox=\"yes\" data-elementor-lightbox-slideshow=\"68a6452\" data-elementor-lightbox-title=\"WhatsApp Image 2024-05-13 at 1.49.21 PM (1)\" data-e-action-hash=\"#elementor-action%3Aaction%3Dlightbox%26settings%3DeyJpZCI6MjcxLCJ1cmwiOiJodHRwczpcL1wvbW9udGFuYWNvYWRhbGFjdWx1aS5yb1wvd3AtY29udGVudFwvdXBsb2Fkc1wvMjAyNFwvMDZcL1doYXRzQXBwLUltYWdlLTIwMjQtMDUtMTMtYXQtMS40OS4yMS1QTS0xLmpwZWciLCJzbGlkZXNob3ciOiI2OGE2NDUyIn0%3D\">\n\t\t\t\t\t<div class=\"e-gallery-image elementor-gallery-item__image\" data-thumbnail=\"https:\/\/montanacoadalacului.ro\/wp-content\/uploads\/2024\/06\/WhatsApp-Image-2024-05-13-at-1.49.21-PM-1.jpeg\" data-width=\"684\" data-height=\"912\" aria-label=\"\" role=\"img\" ><\/div>\n\t\t\t\t\t\t\t\t\t\t\t<div class=\"elementor-gallery-item__overlay\"><\/div>\n\t\t\t\t\t\t\t\t\t\t\t\t\t\t<\/a>\n\t\t\t\t\t\t\t<a class=\"e-gallery-item elementor-gallery-item elementor-animated-content\" href=\"https:\/\/montanacoadalacului.ro\/wp-content\/uploads\/2024\/06\/WhatsApp-Image-2024-05-13-at-1.49.21-PM.jpeg\" data-elementor-open-lightbox=\"yes\" data-elementor-lightbox-slideshow=\"68a6452\" data-elementor-lightbox-title=\"WhatsApp Image 2024-05-13 at 1.49.21 PM\" data-e-action-hash=\"#elementor-action%3Aaction%3Dlightbox%26settings%3DeyJpZCI6MjcyLCJ1cmwiOiJodHRwczpcL1wvbW9udGFuYWNvYWRhbGFjdWx1aS5yb1wvd3AtY29udGVudFwvdXBsb2Fkc1wvMjAyNFwvMDZcL1doYXRzQXBwLUltYWdlLTIwMjQtMDUtMTMtYXQtMS40OS4yMS1QTS5qcGVnIiwic2xpZGVzaG93IjoiNjhhNjQ1MiJ9\">\n\t\t\t\t\t<div class=\"e-gallery-image elementor-gallery-item__image\" data-thumbnail=\"https:\/\/montanacoadalacului.ro\/wp-content\/uploads\/2024\/06\/WhatsApp-Image-2024-05-13-at-1.49.21-PM-768x1024.jpeg\" data-width=\"768\" data-height=\"1024\" aria-label=\"\" role=\"img\" ><\/div>\n\t\t\t\t\t\t\t\t\t\t\t<div class=\"elementor-gallery-item__overlay\"><\/div>\n\t\t\t\t\t\t\t\t\t\t\t\t\t\t<\/a>\n\t\t\t\t\t\t\t<a class=\"e-gallery-item elementor-gallery-item elementor-animated-content\" href=\"https:\/\/montanacoadalacului.ro\/wp-content\/uploads\/2024\/06\/WhatsApp-Image-2024-05-13-at-1.49.22-PM.jpeg\" data-elementor-open-lightbox=\"yes\" data-elementor-lightbox-slideshow=\"68a6452\" data-elementor-lightbox-title=\"WhatsApp Image 2024-05-13 at 1.49.22 PM\" data-e-action-hash=\"#elementor-action%3Aaction%3Dlightbox%26settings%3DeyJpZCI6MjczLCJ1cmwiOiJodHRwczpcL1wvbW9udGFuYWNvYWRhbGFjdWx1aS5yb1wvd3AtY29udGVudFwvdXBsb2Fkc1wvMjAyNFwvMDZcL1doYXRzQXBwLUltYWdlLTIwMjQtMDUtMTMtYXQtMS40OS4yMi1QTS5qcGVnIiwic2xpZGVzaG93IjoiNjhhNjQ1MiJ9\">\n\t\t\t\t\t<div class=\"e-gallery-image elementor-gallery-item__image\" data-thumbnail=\"https:\/\/montanacoadalacului.ro\/wp-content\/uploads\/2024\/06\/WhatsApp-Image-2024-05-13-at-1.49.22-PM-768x1024.jpeg\" data-width=\"768\" data-height=\"1024\" aria-label=\"\" role=\"img\" ><\/div>\n\t\t\t\t\t\t\t\t\t\t\t<div class=\"elementor-gallery-item__overlay\"><\/div>\n\t\t\t\t\t\t\t\t\t\t\t\t\t\t<\/a>\n\t\t\t\t\t\t\t<a class=\"e-gallery-item elementor-gallery-item elementor-animated-content\" href=\"https:\/\/montanacoadalacului.ro\/wp-content\/uploads\/2024\/06\/WhatsApp-Image-2024-05-13-at-1.49.23-PM-1.jpeg\" data-elementor-open-lightbox=\"yes\" data-elementor-lightbox-slideshow=\"68a6452\" data-elementor-lightbox-title=\"WhatsApp Image 2024-05-13 at 1.49.23 PM (1)\" data-e-action-hash=\"#elementor-action%3Aaction%3Dlightbox%26settings%3DeyJpZCI6Mjc0LCJ1cmwiOiJodHRwczpcL1wvbW9udGFuYWNvYWRhbGFjdWx1aS5yb1wvd3AtY29udGVudFwvdXBsb2Fkc1wvMjAyNFwvMDZcL1doYXRzQXBwLUltYWdlLTIwMjQtMDUtMTMtYXQtMS40OS4yMy1QTS0xLmpwZWciLCJzbGlkZXNob3ciOiI2OGE2NDUyIn0%3D\">\n\t\t\t\t\t<div class=\"e-gallery-image elementor-gallery-item__image\" data-thumbnail=\"https:\/\/montanacoadalacului.ro\/wp-content\/uploads\/2024\/06\/WhatsApp-Image-2024-05-13-at-1.49.23-PM-1-768x1024.jpeg\" data-width=\"768\" data-height=\"1024\" aria-label=\"\" role=\"img\" ><\/div>\n\t\t\t\t\t\t\t\t\t\t\t<div class=\"elementor-gallery-item__overlay\"><\/div>\n\t\t\t\t\t\t\t\t\t\t\t\t\t\t<\/a>\n\t\t\t\t\t\t\t<a class=\"e-gallery-item elementor-gallery-item elementor-animated-content\" href=\"https:\/\/montanacoadalacului.ro\/wp-content\/uploads\/2024\/06\/WhatsApp-Image-2024-05-13-at-1.49.23-PM-2.jpeg\" data-elementor-open-lightbox=\"yes\" data-elementor-lightbox-slideshow=\"68a6452\" data-elementor-lightbox-title=\"WhatsApp Image 2024-05-13 at 1.49.23 PM (2)\" data-e-action-hash=\"#elementor-action%3Aaction%3Dlightbox%26settings%3DeyJpZCI6Mjc1LCJ1cmwiOiJodHRwczpcL1wvbW9udGFuYWNvYWRhbGFjdWx1aS5yb1wvd3AtY29udGVudFwvdXBsb2Fkc1wvMjAyNFwvMDZcL1doYXRzQXBwLUltYWdlLTIwMjQtMDUtMTMtYXQtMS40OS4yMy1QTS0yLmpwZWciLCJzbGlkZXNob3ciOiI2OGE2NDUyIn0%3D\">\n\t\t\t\t\t<div class=\"e-gallery-image elementor-gallery-item__image\" data-thumbnail=\"https:\/\/montanacoadalacului.ro\/wp-content\/uploads\/2024\/06\/WhatsApp-Image-2024-05-13-at-1.49.23-PM-2-768x1024.jpeg\" data-width=\"768\" data-height=\"1024\" aria-label=\"\" role=\"img\" ><\/div>\n\t\t\t\t\t\t\t\t\t\t\t<div class=\"elementor-gallery-item__overlay\"><\/div>\n\t\t\t\t\t\t\t\t\t\t\t\t\t\t<\/a>\n\t\t\t\t\t\t\t<a class=\"e-gallery-item elementor-gallery-item elementor-animated-content\" href=\"https:\/\/montanacoadalacului.ro\/wp-content\/uploads\/2024\/06\/WhatsApp-Image-2024-05-13-at-1.49.23-PM.jpeg\" data-elementor-open-lightbox=\"yes\" data-elementor-lightbox-slideshow=\"68a6452\" data-elementor-lightbox-title=\"WhatsApp Image 2024-05-13 at 1.49.23 PM\" data-e-action-hash=\"#elementor-action%3Aaction%3Dlightbox%26settings%3DeyJpZCI6Mjc2LCJ1cmwiOiJodHRwczpcL1wvbW9udGFuYWNvYWRhbGFjdWx1aS5yb1wvd3AtY29udGVudFwvdXBsb2Fkc1wvMjAyNFwvMDZcL1doYXRzQXBwLUltYWdlLTIwMjQtMDUtMTMtYXQtMS40OS4yMy1QTS5qcGVnIiwic2xpZGVzaG93IjoiNjhhNjQ1MiJ9\">\n\t\t\t\t\t<div class=\"e-gallery-image elementor-gallery-item__image\" data-thumbnail=\"https:\/\/montanacoadalacului.ro\/wp-content\/uploads\/2024\/06\/WhatsApp-Image-2024-05-13-at-1.49.23-PM-768x1024.jpeg\" data-width=\"768\" data-height=\"1024\" aria-label=\"\" role=\"img\" ><\/div>\n\t\t\t\t\t\t\t\t\t\t\t<div class=\"elementor-gallery-item__overlay\"><\/div>\n\t\t\t\t\t\t\t\t\t\t\t\t\t\t<\/a>\n\t\t\t\t\t\t\t<a class=\"e-gallery-item elementor-gallery-item elementor-animated-content\" href=\"https:\/\/montanacoadalacului.ro\/wp-content\/uploads\/2024\/06\/WhatsApp-Image-2024-05-13-at-1.49.24-PM-1.jpeg\" data-elementor-open-lightbox=\"yes\" data-elementor-lightbox-slideshow=\"68a6452\" data-elementor-lightbox-title=\"WhatsApp Image 2024-05-13 at 1.49.24 PM (1)\" data-e-action-hash=\"#elementor-action%3Aaction%3Dlightbox%26settings%3DeyJpZCI6Mjc3LCJ1cmwiOiJodHRwczpcL1wvbW9udGFuYWNvYWRhbGFjdWx1aS5yb1wvd3AtY29udGVudFwvdXBsb2Fkc1wvMjAyNFwvMDZcL1doYXRzQXBwLUltYWdlLTIwMjQtMDUtMTMtYXQtMS40OS4yNC1QTS0xLmpwZWciLCJzbGlkZXNob3ciOiI2OGE2NDUyIn0%3D\">\n\t\t\t\t\t<div class=\"e-gallery-image elementor-gallery-item__image\" data-thumbnail=\"https:\/\/montanacoadalacului.ro\/wp-content\/uploads\/2024\/06\/WhatsApp-Image-2024-05-13-at-1.49.24-PM-1-768x1024.jpeg\" data-width=\"768\" data-height=\"1024\" aria-label=\"\" role=\"img\" ><\/div>\n\t\t\t\t\t\t\t\t\t\t\t<div class=\"elementor-gallery-item__overlay\"><\/div>\n\t\t\t\t\t\t\t\t\t\t\t\t\t\t<\/a>\n\t\t\t\t\t\t\t<a class=\"e-gallery-item elementor-gallery-item elementor-animated-content\" href=\"https:\/\/montanacoadalacului.ro\/wp-content\/uploads\/2024\/06\/WhatsApp-Image-2024-05-13-at-1.49.24-PM.jpeg\" data-elementor-open-lightbox=\"yes\" data-elementor-lightbox-slideshow=\"68a6452\" data-elementor-lightbox-title=\"WhatsApp Image 2024-05-13 at 1.49.24 PM\" data-e-action-hash=\"#elementor-action%3Aaction%3Dlightbox%26settings%3DeyJpZCI6Mjc4LCJ1cmwiOiJodHRwczpcL1wvbW9udGFuYWNvYWRhbGFjdWx1aS5yb1wvd3AtY29udGVudFwvdXBsb2Fkc1wvMjAyNFwvMDZcL1doYXRzQXBwLUltYWdlLTIwMjQtMDUtMTMtYXQtMS40OS4yNC1QTS5qcGVnIiwic2xpZGVzaG93IjoiNjhhNjQ1MiJ9\">\n\t\t\t\t\t<div class=\"e-gallery-image elementor-gallery-item__image\" data-thumbnail=\"https:\/\/montanacoadalacului.ro\/wp-content\/uploads\/2024\/06\/WhatsApp-Image-2024-05-13-at-1.49.24-PM-768x1024.jpeg\" data-width=\"768\" data-height=\"1024\" aria-label=\"\" role=\"img\" ><\/div>\n\t\t\t\t\t\t\t\t\t\t\t<div class=\"elementor-gallery-item__overlay\"><\/div>\n\t\t\t\t\t\t\t\t\t\t\t\t\t\t<\/a>\n\t\t\t\t\t<\/div>\n\t\t\t<\/div>\n\t\t\t\t<\/div>\n\t\t\t\t<\/div>\n\t\t\t\t<\/div>\n\t\t\t\t<\/div>\n\t\t","protected":false},"excerpt":{"rendered":"<p>Despre aceast\u0103 proprietate Aceast\u0103 proprietate impresionant\u0103 este ideal\u0103 pentru grupuri mari, oferind un refugiu perfect pentru p\u00e2n\u0103 la 14 persoane, fiecare camer\u0103 fiind dotat\u0103 cu baie proprie pentru confort \u0219i intimitate maxim\u0103. Buc\u0103t\u0103ria spa\u021bioas\u0103 \u0219i complet echipat\u0103 este locul perfect pentru a preg\u0103ti mese delicioase sau pentru a v\u0103 bucura de o cafea de diminea\u021b\u0103 [&hellip;]<\/p>\n","protected":false},"author":1,"featured_media":0,"parent":0,"menu_order":0,"comment_status":"closed","ping_status":"closed","template":"","meta":{"_seopress_robots_primary_cat":"","_seopress_titles_title":"","_seopress_titles_desc":"","_seopress_robots_index":"","footnotes":""},"class_list":["post-17","page","type-page","status-publish","hentry"],"_links":{"self":[{"href":"https:\/\/montanacoadalacului.ro\/index.php\/wp-json\/wp\/v2\/pages\/17","targetHints":{"allow":["GET"]}}],"collection":[{"href":"https:\/\/montanacoadalacului.ro\/index.php\/wp-json\/wp\/v2\/pages"}],"about":[{"href":"https:\/\/montanacoadalacului.ro\/index.php\/wp-json\/wp\/v2\/types\/page"}],"author":[{"embeddable":true,"href":"https:\/\/montanacoadalacului.ro\/index.php\/wp-json\/wp\/v2\/users\/1"}],"replies":[{"embeddable":true,"href":"https:\/\/montanacoadalacului.ro\/index.php\/wp-json\/wp\/v2\/comments?post=17"}],"version-history":[{"count":3,"href":"https:\/\/montanacoadalacului.ro\/index.php\/wp-json\/wp\/v2\/pages\/17\/revisions"}],"predecessor-version":[{"id":281,"href":"https:\/\/montanacoadalacului.ro\/index.php\/wp-json\/wp\/v2\/pages\/17\/revisions\/281"}],"wp:attachment":[{"href":"https:\/\/montanacoadalacului.ro\/index.php\/wp-json\/wp\/v2\/media?parent=17"}],"curies":[{"name":"wp","href":"https:\/\/api.w.org\/{rel}","templated":true}]}}