{"id":19,"date":"2024-05-17T13:17:57","date_gmt":"2024-05-17T13:17:57","guid":{"rendered":"https:\/\/montanacoadalacului.ro\/?page_id=19"},"modified":"2024-06-10T14:32:12","modified_gmt":"2024-06-10T14:32:12","slug":"pensiunea-melinda","status":"publish","type":"page","link":"https:\/\/montanacoadalacului.ro\/index.php\/pensiunea-melinda\/","title":{"rendered":"Pensiunea Melinda"},"content":{"rendered":"\t\t<div data-elementor-type=\"wp-page\" data-elementor-id=\"19\" class=\"elementor elementor-19\" data-elementor-post-type=\"page\">\n\t\t\t\t<div class=\"elementor-element elementor-element-73d52500 e-flex e-con-boxed e-con e-parent\" data-id=\"73d52500\" data-element_type=\"container\" data-settings=\"{&quot;background_background&quot;:&quot;classic&quot;,&quot;shape_divider_bottom&quot;:&quot;pyramids&quot;}\">\n\t\t\t\t\t<div class=\"e-con-inner\">\n\t\t\t\t<div class=\"elementor-shape elementor-shape-bottom\" data-negative=\"false\">\n\t\t\t<svg xmlns=\"http:\/\/www.w3.org\/2000\/svg\" viewBox=\"0 0 1000 100\" preserveAspectRatio=\"none\">\n\t<path class=\"elementor-shape-fill\" d=\"M761.9,44.1L643.1,27.2L333.8,98L0,3.8V0l1000,0v3.9\"\/>\n<\/svg>\t\t<\/div>\n\t\t<div class=\"elementor-element elementor-element-4586e496 e-con-full e-flex e-con e-child\" data-id=\"4586e496\" data-element_type=\"container\">\n\t\t\t\t<\/div>\n\t\t\t\t\t<\/div>\n\t\t\t\t<\/div>\n\t\t<div class=\"elementor-element elementor-element-22e8d71c e-flex e-con-boxed e-con e-parent\" data-id=\"22e8d71c\" data-element_type=\"container\" data-settings=\"{&quot;background_background&quot;:&quot;classic&quot;}\">\n\t\t\t\t\t<div class=\"e-con-inner\">\n\t\t<div class=\"elementor-element elementor-element-4faa4c8d e-con-full e-flex e-con e-child\" data-id=\"4faa4c8d\" data-element_type=\"container\">\n\t\t<div class=\"elementor-element elementor-element-2401d705 e-con-full e-flex elementor-invisible e-con e-child\" data-id=\"2401d705\" data-element_type=\"container\" data-settings=\"{&quot;animation&quot;:&quot;fadeIn&quot;,&quot;animation_delay&quot;:&quot;200&quot;}\">\n\t\t<div class=\"elementor-element elementor-element-506d8925 e-con-full e-flex e-con e-child\" data-id=\"506d8925\" data-element_type=\"container\">\n\t\t\t\t<div class=\"elementor-element elementor-element-776daed3 elementor-widget elementor-widget-heading\" data-id=\"776daed3\" data-element_type=\"widget\" data-widget_type=\"heading.default\">\n\t\t\t\t<div class=\"elementor-widget-container\">\n\t\t\t<h2 class=\"elementor-heading-title elementor-size-default\">Despre aceast\u0103 pensiune<\/h2>\t\t<\/div>\n\t\t\t\t<\/div>\n\t\t\t\t<\/div>\n\t\t<div class=\"elementor-element elementor-element-4b8409be e-con-full e-flex e-con e-child\" data-id=\"4b8409be\" data-element_type=\"container\">\n\t\t\t\t<div class=\"elementor-element elementor-element-67036d9 elementor-widget elementor-widget-text-editor\" data-id=\"67036d9\" data-element_type=\"widget\" data-widget_type=\"text-editor.default\">\n\t\t\t\t<div class=\"elementor-widget-container\">\n\t\t\t\t\t\t\t<p>Aceast\u0103 cl\u0103dire vast\u0103 \u0219i elegant\u0103 este compus\u0103 din unsprezece camere, oferind o varietate de op\u021biuni de cazare care pot g\u0103zdui \u00eentre 22 \u0219i 28 de persoane. Patru dintre aceste camere sunt dotate cu b\u0103i proprii, oferind intimitate \u0219i confort, \u00een timp ce celelalte unit\u0103\u021bi sunt concepute sub form\u0103 de apartamente, fiecare av\u00e2nd dou\u0103 camere \u0219i o baie proprie, ideal pentru familii sau grupuri care doresc s\u0103 \u00eemp\u0103rt\u0103\u0219easc\u0103 spa\u021biul, p\u0103str\u00e2nd totodat\u0103 un grad ridicat de confort.<\/p><p>Livingul este spa\u021bios \u0219i bine luminat, fiind un loc perfect pentru relaxare sau socializare. Buc\u0103t\u0103ria complet echipat\u0103 ofer\u0103 toate utilit\u0103\u021bile necesare pentru a preg\u0103ti mese delicioase, de la micul dejun p\u00e2n\u0103 la cina festiv\u0103, f\u0103c\u00e2nd din g\u0103tit o pl\u0103cere.<\/p>\t\t\t\t\t\t<\/div>\n\t\t\t\t<\/div>\n\t\t\t\t<\/div>\n\t\t<div class=\"elementor-element elementor-element-3b90d722 e-con-full e-flex e-con e-child\" data-id=\"3b90d722\" data-element_type=\"container\">\n\t\t\t\t<div class=\"elementor-element elementor-element-2631e4c5 elementor-tablet-align-center elementor-widget elementor-widget-button\" data-id=\"2631e4c5\" data-element_type=\"widget\" data-widget_type=\"button.default\">\n\t\t\t\t<div class=\"elementor-widget-container\">\n\t\t\t\t\t<div class=\"elementor-button-wrapper\">\n\t\t\t<a class=\"elementor-button elementor-button-link elementor-size-sm elementor-animation-shrink\" href=\"https:\/\/montanacoadalacului.ro\/index.php\/contact\/\">\n\t\t\t\t\t\t<span class=\"elementor-button-content-wrapper\">\n\t\t\t\t\t\t\t\t\t<span class=\"elementor-button-text\">Contact<\/span>\n\t\t\t\t\t<\/span>\n\t\t\t\t\t<\/a>\n\t\t<\/div>\n\t\t\t\t<\/div>\n\t\t\t\t<\/div>\n\t\t\t\t<\/div>\n\t\t\t\t<\/div>\n\t\t\t\t<\/div>\n\t\t<div class=\"elementor-element elementor-element-74e3839e e-con-full e-flex elementor-invisible e-con e-child\" data-id=\"74e3839e\" data-element_type=\"container\" data-settings=\"{&quot;background_background&quot;:&quot;classic&quot;,&quot;animation&quot;:&quot;fadeIn&quot;,&quot;animation_delay&quot;:&quot;200&quot;}\">\n\t\t\t\t<\/div>\n\t\t\t\t\t<\/div>\n\t\t\t\t<\/div>\n\t\t<div class=\"elementor-element elementor-element-e10e82f e-con-full e-flex e-con e-parent\" data-id=\"e10e82f\" data-element_type=\"container\">\n\t\t<div class=\"elementor-element elementor-element-45508dd1 e-con-full e-flex e-con e-child\" data-id=\"45508dd1\" data-element_type=\"container\">\n\t\t<div class=\"elementor-element elementor-element-dcb438b e-con-full e-flex elementor-invisible e-con e-child\" data-id=\"dcb438b\" data-element_type=\"container\" data-settings=\"{&quot;background_background&quot;:&quot;classic&quot;,&quot;animation&quot;:&quot;fadeIn&quot;,&quot;animation_delay&quot;:&quot;200&quot;}\">\n\t\t\t\t<div class=\"elementor-element elementor-element-3c796cd6 elementor-widget elementor-widget-heading\" data-id=\"3c796cd6\" data-element_type=\"widget\" data-widget_type=\"heading.default\">\n\t\t\t\t<div class=\"elementor-widget-container\">\n\t\t\t<h2 class=\"elementor-heading-title elementor-size-default\">Momente de distrac\u021bie \u0219i relaxare<\/h2>\t\t<\/div>\n\t\t\t\t<\/div>\n\t\t\t\t<div class=\"elementor-element elementor-element-f45736d elementor-widget elementor-widget-text-editor\" data-id=\"f45736d\" data-element_type=\"widget\" data-widget_type=\"text-editor.default\">\n\t\t\t\t<div class=\"elementor-widget-container\">\n\t\t\t\t\t\t\t<p>Exteriorul este la fel de impresionant, dotat cu un foi\u0219or unde oaspe\u021bii se pot bucura de mese al fresco sau pur \u0219i simplu de o pauz\u0103 de relaxare \u00een mijlocul naturii. Locul de gr\u0103tar este perfect pentru amatorii de buc\u0103t\u0103rie \u00een aer liber, oferind tot necesarul pentru a organiza un barbecue reu\u0219it.<\/p><p>Pentru momente de distrac\u021bie \u0219i relaxare, ciubarul cu jacuzzi este o adev\u0103rat\u0103 invita\u021bie la deconectare \u0219i relaxare. Ad\u0103ug\u00e2nd la aceasta, masa de ping-pong \u0219i fotbalul de mas\u0103 sunt perfecte pentru cei care caut\u0103 o doz\u0103 de adrenalin\u0103 \u0219i competi\u021bie amical\u0103.<\/p><p>\u00a0<\/p>\t\t\t\t\t\t<\/div>\n\t\t\t\t<\/div>\n\t\t\t\t<\/div>\n\t\t<div class=\"elementor-element elementor-element-ad04443 e-con-full e-flex e-con e-child\" data-id=\"ad04443\" data-element_type=\"container\">\n\t\t<div class=\"elementor-element elementor-element-72d0fd15 e-con-full e-flex e-con e-child\" data-id=\"72d0fd15\" data-element_type=\"container\" data-settings=\"{&quot;background_background&quot;:&quot;classic&quot;}\">\n\t\t\t\t<\/div>\n\t\t<div class=\"elementor-element elementor-element-51310526 e-con-full e-flex e-con e-child\" data-id=\"51310526\" data-element_type=\"container\" data-settings=\"{&quot;background_background&quot;:&quot;classic&quot;}\">\n\t\t<div class=\"elementor-element elementor-element-42fe2c17 e-con-full e-flex e-con e-child\" data-id=\"42fe2c17\" data-element_type=\"container\">\n\t\t<div class=\"elementor-element elementor-element-38198bbc e-con-full e-flex elementor-invisible e-con e-child\" data-id=\"38198bbc\" data-element_type=\"container\" data-settings=\"{&quot;animation&quot;:&quot;fadeIn&quot;,&quot;animation_delay&quot;:&quot;200&quot;}\">\n\t\t\t\t<div class=\"elementor-element elementor-element-4947e01 elementor-widget elementor-widget-text-editor\" data-id=\"4947e01\" data-element_type=\"widget\" data-widget_type=\"text-editor.default\">\n\t\t\t\t<div class=\"elementor-widget-container\">\n\t\t\t\t\t\t\t<p>Aceast\u0103 cl\u0103dire este ideal\u0103 pentru \u00eent\u00e2lniri de familie, retrageri de grup sau evenimente speciale, combin\u00e2nd luxul, confortul \u0219i divertismentul pentru a oferi o experien\u021b\u0103 memorabil\u0103 pentru to\u021bi oaspe\u021bii. V\u0103 invit\u0103m s\u0103 v\u0103 bucura\u021bi de aceast\u0103 oaz\u0103 de pace \u0219i distrac\u021bie, unde fiecare detaliu este g\u00e2ndit pentru confortul \u0219i satisfac\u021bia dumneavoastr\u0103.<\/p>\t\t\t\t\t\t<\/div>\n\t\t\t\t<\/div>\n\t\t\t\t<\/div>\n\t\t\t\t<\/div>\n\t\t\t\t<\/div>\n\t\t\t\t<\/div>\n\t\t\t\t<\/div>\n\t\t<div class=\"elementor-element elementor-element-469d4b88 e-con-full e-flex e-con e-child\" data-id=\"469d4b88\" data-element_type=\"container\" data-settings=\"{&quot;background_background&quot;:&quot;classic&quot;}\">\n\t\t\t\t<div class=\"elementor-element elementor-element-7dbbc5d elementor-widget elementor-widget-gallery\" data-id=\"7dbbc5d\" data-element_type=\"widget\" data-settings=\"{&quot;columns&quot;:3,&quot;lazyload&quot;:&quot;yes&quot;,&quot;gallery_layout&quot;:&quot;grid&quot;,&quot;columns_tablet&quot;:2,&quot;columns_mobile&quot;:1,&quot;gap&quot;:{&quot;unit&quot;:&quot;px&quot;,&quot;size&quot;:10,&quot;sizes&quot;:[]},&quot;gap_tablet&quot;:{&quot;unit&quot;:&quot;px&quot;,&quot;size&quot;:10,&quot;sizes&quot;:[]},&quot;gap_mobile&quot;:{&quot;unit&quot;:&quot;px&quot;,&quot;size&quot;:10,&quot;sizes&quot;:[]},&quot;link_to&quot;:&quot;file&quot;,&quot;aspect_ratio&quot;:&quot;3:2&quot;,&quot;overlay_background&quot;:&quot;yes&quot;,&quot;content_hover_animation&quot;:&quot;fade-in&quot;}\" data-widget_type=\"gallery.default\">\n\t\t\t\t<div class=\"elementor-widget-container\">\n\t\t\t\t\t<div class=\"elementor-gallery__container\">\n\t\t\t\t\t\t\t<a class=\"e-gallery-item elementor-gallery-item elementor-animated-content\" href=\"https:\/\/montanacoadalacului.ro\/wp-content\/uploads\/2024\/06\/WhatsApp-Image-2024-05-13-at-1.45.12-PM.jpeg\" data-elementor-open-lightbox=\"yes\" data-elementor-lightbox-slideshow=\"7dbbc5d\" data-elementor-lightbox-title=\"WhatsApp Image 2024-05-13 at 1.45.12 PM\" data-e-action-hash=\"#elementor-action%3Aaction%3Dlightbox%26settings%3DeyJpZCI6MjQ5LCJ1cmwiOiJodHRwczpcL1wvbW9udGFuYWNvYWRhbGFjdWx1aS5yb1wvd3AtY29udGVudFwvdXBsb2Fkc1wvMjAyNFwvMDZcL1doYXRzQXBwLUltYWdlLTIwMjQtMDUtMTMtYXQtMS40NS4xMi1QTS5qcGVnIiwic2xpZGVzaG93IjoiN2RiYmM1ZCJ9\">\n\t\t\t\t\t<div class=\"e-gallery-image elementor-gallery-item__image\" data-thumbnail=\"https:\/\/montanacoadalacului.ro\/wp-content\/uploads\/2024\/06\/WhatsApp-Image-2024-05-13-at-1.45.12-PM-768x512.jpeg\" data-width=\"768\" data-height=\"512\" aria-label=\"\" role=\"img\" ><\/div>\n\t\t\t\t\t\t\t\t\t\t\t<div class=\"elementor-gallery-item__overlay\"><\/div>\n\t\t\t\t\t\t\t\t\t\t\t\t\t\t<\/a>\n\t\t\t\t\t\t\t<a class=\"e-gallery-item elementor-gallery-item elementor-animated-content\" href=\"https:\/\/montanacoadalacului.ro\/wp-content\/uploads\/2024\/06\/WhatsApp-Image-2024-05-13-at-1.46.04-PM-1.jpeg\" data-elementor-open-lightbox=\"yes\" data-elementor-lightbox-slideshow=\"7dbbc5d\" data-elementor-lightbox-title=\"WhatsApp Image 2024-05-13 at 1.46.04 PM (1)\" data-e-action-hash=\"#elementor-action%3Aaction%3Dlightbox%26settings%3DeyJpZCI6MjUwLCJ1cmwiOiJodHRwczpcL1wvbW9udGFuYWNvYWRhbGFjdWx1aS5yb1wvd3AtY29udGVudFwvdXBsb2Fkc1wvMjAyNFwvMDZcL1doYXRzQXBwLUltYWdlLTIwMjQtMDUtMTMtYXQtMS40Ni4wNC1QTS0xLmpwZWciLCJzbGlkZXNob3ciOiI3ZGJiYzVkIn0%3D\">\n\t\t\t\t\t<div class=\"e-gallery-image elementor-gallery-item__image\" data-thumbnail=\"https:\/\/montanacoadalacului.ro\/wp-content\/uploads\/2024\/06\/WhatsApp-Image-2024-05-13-at-1.46.04-PM-1-768x512.jpeg\" data-width=\"768\" data-height=\"512\" aria-label=\"\" role=\"img\" ><\/div>\n\t\t\t\t\t\t\t\t\t\t\t<div class=\"elementor-gallery-item__overlay\"><\/div>\n\t\t\t\t\t\t\t\t\t\t\t\t\t\t<\/a>\n\t\t\t\t\t\t\t<a class=\"e-gallery-item elementor-gallery-item elementor-animated-content\" href=\"https:\/\/montanacoadalacului.ro\/wp-content\/uploads\/2024\/06\/WhatsApp-Image-2024-05-13-at-1.46.04-PM.jpeg\" data-elementor-open-lightbox=\"yes\" data-elementor-lightbox-slideshow=\"7dbbc5d\" data-elementor-lightbox-title=\"WhatsApp Image 2024-05-13 at 1.46.04 PM\" data-e-action-hash=\"#elementor-action%3Aaction%3Dlightbox%26settings%3DeyJpZCI6MjUxLCJ1cmwiOiJodHRwczpcL1wvbW9udGFuYWNvYWRhbGFjdWx1aS5yb1wvd3AtY29udGVudFwvdXBsb2Fkc1wvMjAyNFwvMDZcL1doYXRzQXBwLUltYWdlLTIwMjQtMDUtMTMtYXQtMS40Ni4wNC1QTS5qcGVnIiwic2xpZGVzaG93IjoiN2RiYmM1ZCJ9\">\n\t\t\t\t\t<div class=\"e-gallery-image elementor-gallery-item__image\" data-thumbnail=\"https:\/\/montanacoadalacului.ro\/wp-content\/uploads\/2024\/06\/WhatsApp-Image-2024-05-13-at-1.46.04-PM-768x576.jpeg\" data-width=\"768\" data-height=\"576\" aria-label=\"\" role=\"img\" ><\/div>\n\t\t\t\t\t\t\t\t\t\t\t<div class=\"elementor-gallery-item__overlay\"><\/div>\n\t\t\t\t\t\t\t\t\t\t\t\t\t\t<\/a>\n\t\t\t\t\t\t\t<a class=\"e-gallery-item elementor-gallery-item elementor-animated-content\" href=\"https:\/\/montanacoadalacului.ro\/wp-content\/uploads\/2024\/06\/WhatsApp-Image-2024-05-13-at-1.46.05-PM.jpeg\" data-elementor-open-lightbox=\"yes\" data-elementor-lightbox-slideshow=\"7dbbc5d\" data-elementor-lightbox-title=\"WhatsApp Image 2024-05-13 at 1.46.05 PM\" data-e-action-hash=\"#elementor-action%3Aaction%3Dlightbox%26settings%3DeyJpZCI6MjUyLCJ1cmwiOiJodHRwczpcL1wvbW9udGFuYWNvYWRhbGFjdWx1aS5yb1wvd3AtY29udGVudFwvdXBsb2Fkc1wvMjAyNFwvMDZcL1doYXRzQXBwLUltYWdlLTIwMjQtMDUtMTMtYXQtMS40Ni4wNS1QTS5qcGVnIiwic2xpZGVzaG93IjoiN2RiYmM1ZCJ9\">\n\t\t\t\t\t<div class=\"e-gallery-image elementor-gallery-item__image\" data-thumbnail=\"https:\/\/montanacoadalacului.ro\/wp-content\/uploads\/2024\/06\/WhatsApp-Image-2024-05-13-at-1.46.05-PM-768x512.jpeg\" data-width=\"768\" data-height=\"512\" aria-label=\"\" role=\"img\" ><\/div>\n\t\t\t\t\t\t\t\t\t\t\t<div class=\"elementor-gallery-item__overlay\"><\/div>\n\t\t\t\t\t\t\t\t\t\t\t\t\t\t<\/a>\n\t\t\t\t\t\t\t<a class=\"e-gallery-item elementor-gallery-item elementor-animated-content\" href=\"https:\/\/montanacoadalacului.ro\/wp-content\/uploads\/2024\/06\/WhatsApp-Image-2024-05-13-at-1.46.06-PM-1.jpeg\" data-elementor-open-lightbox=\"yes\" data-elementor-lightbox-slideshow=\"7dbbc5d\" data-elementor-lightbox-title=\"WhatsApp Image 2024-05-13 at 1.46.06 PM (1)\" data-e-action-hash=\"#elementor-action%3Aaction%3Dlightbox%26settings%3DeyJpZCI6MjUzLCJ1cmwiOiJodHRwczpcL1wvbW9udGFuYWNvYWRhbGFjdWx1aS5yb1wvd3AtY29udGVudFwvdXBsb2Fkc1wvMjAyNFwvMDZcL1doYXRzQXBwLUltYWdlLTIwMjQtMDUtMTMtYXQtMS40Ni4wNi1QTS0xLmpwZWciLCJzbGlkZXNob3ciOiI3ZGJiYzVkIn0%3D\">\n\t\t\t\t\t<div class=\"e-gallery-image elementor-gallery-item__image\" data-thumbnail=\"https:\/\/montanacoadalacului.ro\/wp-content\/uploads\/2024\/06\/WhatsApp-Image-2024-05-13-at-1.46.06-PM-1.jpeg\" data-width=\"720\" data-height=\"960\" aria-label=\"\" role=\"img\" ><\/div>\n\t\t\t\t\t\t\t\t\t\t\t<div class=\"elementor-gallery-item__overlay\"><\/div>\n\t\t\t\t\t\t\t\t\t\t\t\t\t\t<\/a>\n\t\t\t\t\t\t\t<a class=\"e-gallery-item elementor-gallery-item elementor-animated-content\" href=\"https:\/\/montanacoadalacului.ro\/wp-content\/uploads\/2024\/06\/WhatsApp-Image-2024-05-13-at-1.46.06-PM-2.jpeg\" data-elementor-open-lightbox=\"yes\" data-elementor-lightbox-slideshow=\"7dbbc5d\" data-elementor-lightbox-title=\"WhatsApp Image 2024-05-13 at 1.46.06 PM (2)\" data-e-action-hash=\"#elementor-action%3Aaction%3Dlightbox%26settings%3DeyJpZCI6MjU0LCJ1cmwiOiJodHRwczpcL1wvbW9udGFuYWNvYWRhbGFjdWx1aS5yb1wvd3AtY29udGVudFwvdXBsb2Fkc1wvMjAyNFwvMDZcL1doYXRzQXBwLUltYWdlLTIwMjQtMDUtMTMtYXQtMS40Ni4wNi1QTS0yLmpwZWciLCJzbGlkZXNob3ciOiI3ZGJiYzVkIn0%3D\">\n\t\t\t\t\t<div class=\"e-gallery-image elementor-gallery-item__image\" data-thumbnail=\"https:\/\/montanacoadalacului.ro\/wp-content\/uploads\/2024\/06\/WhatsApp-Image-2024-05-13-at-1.46.06-PM-2-768x512.jpeg\" data-width=\"768\" data-height=\"512\" aria-label=\"\" role=\"img\" ><\/div>\n\t\t\t\t\t\t\t\t\t\t\t<div class=\"elementor-gallery-item__overlay\"><\/div>\n\t\t\t\t\t\t\t\t\t\t\t\t\t\t<\/a>\n\t\t\t\t\t\t\t<a class=\"e-gallery-item elementor-gallery-item elementor-animated-content\" href=\"https:\/\/montanacoadalacului.ro\/wp-content\/uploads\/2024\/06\/WhatsApp-Image-2024-05-13-at-1.46.06-PM.jpeg\" data-elementor-open-lightbox=\"yes\" data-elementor-lightbox-slideshow=\"7dbbc5d\" data-elementor-lightbox-title=\"WhatsApp Image 2024-05-13 at 1.46.06 PM\" data-e-action-hash=\"#elementor-action%3Aaction%3Dlightbox%26settings%3DeyJpZCI6MjU1LCJ1cmwiOiJodHRwczpcL1wvbW9udGFuYWNvYWRhbGFjdWx1aS5yb1wvd3AtY29udGVudFwvdXBsb2Fkc1wvMjAyNFwvMDZcL1doYXRzQXBwLUltYWdlLTIwMjQtMDUtMTMtYXQtMS40Ni4wNi1QTS5qcGVnIiwic2xpZGVzaG93IjoiN2RiYmM1ZCJ9\">\n\t\t\t\t\t<div class=\"e-gallery-image elementor-gallery-item__image\" data-thumbnail=\"https:\/\/montanacoadalacului.ro\/wp-content\/uploads\/2024\/06\/WhatsApp-Image-2024-05-13-at-1.46.06-PM-768x512.jpeg\" data-width=\"768\" data-height=\"512\" aria-label=\"\" role=\"img\" ><\/div>\n\t\t\t\t\t\t\t\t\t\t\t<div class=\"elementor-gallery-item__overlay\"><\/div>\n\t\t\t\t\t\t\t\t\t\t\t\t\t\t<\/a>\n\t\t\t\t\t\t\t<a class=\"e-gallery-item elementor-gallery-item elementor-animated-content\" href=\"https:\/\/montanacoadalacului.ro\/wp-content\/uploads\/2024\/06\/WhatsApp-Image-2024-05-13-at-1.46.07-PM-1.jpeg\" data-elementor-open-lightbox=\"yes\" data-elementor-lightbox-slideshow=\"7dbbc5d\" data-elementor-lightbox-title=\"WhatsApp Image 2024-05-13 at 1.46.07 PM (1)\" data-e-action-hash=\"#elementor-action%3Aaction%3Dlightbox%26settings%3DeyJpZCI6MjU2LCJ1cmwiOiJodHRwczpcL1wvbW9udGFuYWNvYWRhbGFjdWx1aS5yb1wvd3AtY29udGVudFwvdXBsb2Fkc1wvMjAyNFwvMDZcL1doYXRzQXBwLUltYWdlLTIwMjQtMDUtMTMtYXQtMS40Ni4wNy1QTS0xLmpwZWciLCJzbGlkZXNob3ciOiI3ZGJiYzVkIn0%3D\">\n\t\t\t\t\t<div class=\"e-gallery-image elementor-gallery-item__image\" data-thumbnail=\"https:\/\/montanacoadalacului.ro\/wp-content\/uploads\/2024\/06\/WhatsApp-Image-2024-05-13-at-1.46.07-PM-1-768x512.jpeg\" data-width=\"768\" data-height=\"512\" aria-label=\"\" role=\"img\" ><\/div>\n\t\t\t\t\t\t\t\t\t\t\t<div class=\"elementor-gallery-item__overlay\"><\/div>\n\t\t\t\t\t\t\t\t\t\t\t\t\t\t<\/a>\n\t\t\t\t\t\t\t<a class=\"e-gallery-item elementor-gallery-item elementor-animated-content\" href=\"https:\/\/montanacoadalacului.ro\/wp-content\/uploads\/2024\/06\/WhatsApp-Image-2024-05-13-at-1.46.07-PM.jpeg\" data-elementor-open-lightbox=\"yes\" data-elementor-lightbox-slideshow=\"7dbbc5d\" data-elementor-lightbox-title=\"WhatsApp Image 2024-05-13 at 1.46.07 PM\" data-e-action-hash=\"#elementor-action%3Aaction%3Dlightbox%26settings%3DeyJpZCI6MjU3LCJ1cmwiOiJodHRwczpcL1wvbW9udGFuYWNvYWRhbGFjdWx1aS5yb1wvd3AtY29udGVudFwvdXBsb2Fkc1wvMjAyNFwvMDZcL1doYXRzQXBwLUltYWdlLTIwMjQtMDUtMTMtYXQtMS40Ni4wNy1QTS5qcGVnIiwic2xpZGVzaG93IjoiN2RiYmM1ZCJ9\">\n\t\t\t\t\t<div class=\"e-gallery-image elementor-gallery-item__image\" data-thumbnail=\"https:\/\/montanacoadalacului.ro\/wp-content\/uploads\/2024\/06\/WhatsApp-Image-2024-05-13-at-1.46.07-PM-768x512.jpeg\" data-width=\"768\" data-height=\"512\" aria-label=\"\" role=\"img\" ><\/div>\n\t\t\t\t\t\t\t\t\t\t\t<div class=\"elementor-gallery-item__overlay\"><\/div>\n\t\t\t\t\t\t\t\t\t\t\t\t\t\t<\/a>\n\t\t\t\t\t\t\t<a class=\"e-gallery-item elementor-gallery-item elementor-animated-content\" href=\"https:\/\/montanacoadalacului.ro\/wp-content\/uploads\/2024\/06\/WhatsApp-Image-2024-05-13-at-1.46.08-PM.jpeg\" data-elementor-open-lightbox=\"yes\" data-elementor-lightbox-slideshow=\"7dbbc5d\" data-elementor-lightbox-title=\"WhatsApp Image 2024-05-13 at 1.46.08 PM\" data-e-action-hash=\"#elementor-action%3Aaction%3Dlightbox%26settings%3DeyJpZCI6MjU4LCJ1cmwiOiJodHRwczpcL1wvbW9udGFuYWNvYWRhbGFjdWx1aS5yb1wvd3AtY29udGVudFwvdXBsb2Fkc1wvMjAyNFwvMDZcL1doYXRzQXBwLUltYWdlLTIwMjQtMDUtMTMtYXQtMS40Ni4wOC1QTS5qcGVnIiwic2xpZGVzaG93IjoiN2RiYmM1ZCJ9\">\n\t\t\t\t\t<div class=\"e-gallery-image elementor-gallery-item__image\" data-thumbnail=\"https:\/\/montanacoadalacului.ro\/wp-content\/uploads\/2024\/06\/WhatsApp-Image-2024-05-13-at-1.46.08-PM-768x1024.jpeg\" data-width=\"768\" data-height=\"1024\" aria-label=\"\" role=\"img\" ><\/div>\n\t\t\t\t\t\t\t\t\t\t\t<div class=\"elementor-gallery-item__overlay\"><\/div>\n\t\t\t\t\t\t\t\t\t\t\t\t\t\t<\/a>\n\t\t\t\t\t<\/div>\n\t\t\t<\/div>\n\t\t\t\t<\/div>\n\t\t\t\t<\/div>\n\t\t\t\t<\/div>\n\t\t\t\t<\/div>\n\t\t","protected":false},"excerpt":{"rendered":"<p>Despre aceast\u0103 pensiune Aceast\u0103 cl\u0103dire vast\u0103 \u0219i elegant\u0103 este compus\u0103 din unsprezece camere, oferind o varietate de op\u021biuni de cazare care pot g\u0103zdui \u00eentre 22 \u0219i 28 de persoane. Patru dintre aceste camere sunt dotate cu b\u0103i proprii, oferind intimitate \u0219i confort, \u00een timp ce celelalte unit\u0103\u021bi sunt concepute sub form\u0103 de apartamente, fiecare av\u00e2nd [&hellip;]<\/p>\n","protected":false},"author":1,"featured_media":0,"parent":0,"menu_order":0,"comment_status":"closed","ping_status":"closed","template":"","meta":{"_seopress_robots_primary_cat":"","_seopress_titles_title":"","_seopress_titles_desc":"","_seopress_robots_index":"","footnotes":""},"class_list":["post-19","page","type-page","status-publish","hentry"],"_links":{"self":[{"href":"https:\/\/montanacoadalacului.ro\/index.php\/wp-json\/wp\/v2\/pages\/19","targetHints":{"allow":["GET"]}}],"collection":[{"href":"https:\/\/montanacoadalacului.ro\/index.php\/wp-json\/wp\/v2\/pages"}],"about":[{"href":"https:\/\/montanacoadalacului.ro\/index.php\/wp-json\/wp\/v2\/types\/page"}],"author":[{"embeddable":true,"href":"https:\/\/montanacoadalacului.ro\/index.php\/wp-json\/wp\/v2\/users\/1"}],"replies":[{"embeddable":true,"href":"https:\/\/montanacoadalacului.ro\/index.php\/wp-json\/wp\/v2\/comments?post=19"}],"version-history":[{"count":9,"href":"https:\/\/montanacoadalacului.ro\/index.php\/wp-json\/wp\/v2\/pages\/19\/revisions"}],"predecessor-version":[{"id":267,"href":"https:\/\/montanacoadalacului.ro\/index.php\/wp-json\/wp\/v2\/pages\/19\/revisions\/267"}],"wp:attachment":[{"href":"https:\/\/montanacoadalacului.ro\/index.php\/wp-json\/wp\/v2\/media?parent=19"}],"curies":[{"name":"wp","href":"https:\/\/api.w.org\/{rel}","templated":true}]}}